{"id":3660,"date":"2017-09-20T13:01:30","date_gmt":"2017-09-20T10:01:30","guid":{"rendered":"https:\/\/www.sibo-pakuotes.lt\/produktas\/5-layers-corrugated-cardboard-sheets\/"},"modified":"2025-06-04T10:23:23","modified_gmt":"2025-06-04T07:23:23","slug":"5-layers-corrugated-cardboard-sheets","status":"publish","type":"product","link":"https:\/\/www.sibo-pakuotes.lt\/en\/product\/5-layers-corrugated-cardboard-sheets\/","title":{"rendered":"5 \u2013 layers corrugated cardboard sheets"},"content":{"rendered":"","protected":false},"excerpt":{"rendered":"<p>5-layer corrugated cardboard consists of two corrugated and three flat cardboard layers.<\/p>\n<p>Five-layer cardboard comes in \u2013 \u201cBE\u201d, \u201cBB\u201d, \u201cBC\u201d \u2013 brown or white.<\/p>\n<p>Cardboards &#8220;BE&#8221;, &#8220;BB&#8221; and &#8220;BC&#8221; differ in the thickness of the corrugation: &#8220;BE&#8221; &#8211; about 4 mm thick, &#8220;BB&#8221; &#8211; about 6 mm thick, &#8220;BC&#8221; &#8211; about 7 mm thick.<\/p>\n<p>Colour: brown\/brown \u2013 you can choose from the available, already manufactured assortment \u2013 at the bottom of the page.<\/p>\n<p><strong>We can make white cardboard sheets when ordered.<\/strong><\/p>\n<p><strong>We can make sheets of needed dimensions when ordered.<\/strong><\/p>\n<p><strong>NOTE: <\/strong><\/p>\n<p><strong>The price is indicated and the minimum purchase quantity is from 25 pieces.<\/strong><\/p>\n<p><strong>If you want to know a price of delivery of cardboard sheets, you should enquire separately:<\/strong><\/p>\n<p><strong>bozena@sibo-pakuotes.lt<\/strong><\/p>\n","protected":false},"featured_media":3144,"template":"","meta":[],"product_brand":[],"product_cat":[83],"product_tag":[],"class_list":{"0":"post-3660","1":"product","2":"type-product","3":"status-publish","4":"has-post-thumbnail","6":"product_cat-corrugated-cardboard","8":"first","9":"instock","10":"taxable","11":"shipping-taxable","12":"purchasable","13":"product-type-variable"},"yoast_head":"<!-- This site is optimized with the Yoast SEO plugin v25.1 - https:\/\/yoast.com\/wordpress\/plugins\/seo\/ -->\n<title>5 \u2013 layers corrugated cardboard sheets - Sibo pakuot\u0117s<\/title>\n<meta name=\"robots\" content=\"index, follow, max-snippet:-1, max-image-preview:large, max-video-preview:-1\" \/>\n<link rel=\"canonical\" href=\"https:\/\/www.sibo-pakuotes.lt\/en\/product\/5-layers-corrugated-cardboard-sheets\/\" \/>\n<meta property=\"og:locale\" content=\"en_US\" \/>\n<meta property=\"og:type\" content=\"article\" \/>\n<meta property=\"og:title\" content=\"5 \u2013 layers corrugated cardboard sheets - Sibo pakuot\u0117s\" \/>\n<meta property=\"og:description\" content=\"5-layer corrugated cardboard consists of two corrugated and three flat cardboard layers. Five-layer cardboard comes in \u2013 \u201cBE\u201d, \u201cBB\u201d, \u201cBC\u201d \u2013 brown or white. Cardboards &quot;BE&quot;, &quot;BB&quot; and &quot;BC&quot; differ in the thickness of the corrugation: &quot;BE&quot; - about 4 mm thick, &quot;BB&quot; - about 6 mm thick, &quot;BC&quot; - about 7 mm thick. Colour: brown\/brown \u2013 you can choose from the available, already manufactured assortment \u2013 at the bottom of the page. We can make white cardboard sheets when ordered. We can make sheets of needed dimensions when ordered. NOTE:  The price is indicated and the minimum purchase quantity is from 25 pieces. If you want to know a price of delivery of cardboard sheets, you should enquire separately: bozena@sibo-pakuotes.lt\" \/>\n<meta property=\"og:url\" content=\"https:\/\/www.sibo-pakuotes.lt\/en\/product\/5-layers-corrugated-cardboard-sheets\/\" \/>\n<meta property=\"og:site_name\" content=\"Sibo pakuot\u0117s\" \/>\n<meta property=\"article:modified_time\" content=\"2025-06-04T07:23:23+00:00\" \/>\n<meta property=\"og:image\" content=\"https:\/\/www.sibo-pakuotes.lt\/wp-content\/uploads\/2017\/09\/\u041b\u0418\u0421\u0422\u042b5.jpg\" \/>\n\t<meta property=\"og:image:width\" content=\"1000\" \/>\n\t<meta property=\"og:image:height\" content=\"280\" \/>\n\t<meta property=\"og:image:type\" content=\"image\/jpeg\" \/>\n<meta name=\"twitter:card\" content=\"summary_large_image\" \/>\n<script type=\"application\/ld+json\" class=\"yoast-schema-graph\">{\"@context\":\"https:\/\/schema.org\",\"@graph\":[{\"@type\":\"WebPage\",\"@id\":\"https:\/\/www.sibo-pakuotes.lt\/en\/product\/5-layers-corrugated-cardboard-sheets\/\",\"url\":\"https:\/\/www.sibo-pakuotes.lt\/en\/product\/5-layers-corrugated-cardboard-sheets\/\",\"name\":\"5 \u2013 layers corrugated cardboard sheets - Sibo pakuot\u0117s\",\"isPartOf\":{\"@id\":\"https:\/\/www.sibo-pakuotes.lt\/en\/#website\"},\"primaryImageOfPage\":{\"@id\":\"https:\/\/www.sibo-pakuotes.lt\/en\/product\/5-layers-corrugated-cardboard-sheets\/#primaryimage\"},\"image\":{\"@id\":\"https:\/\/www.sibo-pakuotes.lt\/en\/product\/5-layers-corrugated-cardboard-sheets\/#primaryimage\"},\"thumbnailUrl\":\"https:\/\/www.sibo-pakuotes.lt\/wp-content\/uploads\/2017\/09\/\u041b\u0418\u0421\u0422\u042b5.jpg\",\"datePublished\":\"2017-09-20T10:01:30+00:00\",\"dateModified\":\"2025-06-04T07:23:23+00:00\",\"breadcrumb\":{\"@id\":\"https:\/\/www.sibo-pakuotes.lt\/en\/product\/5-layers-corrugated-cardboard-sheets\/#breadcrumb\"},\"inLanguage\":\"en-US\",\"potentialAction\":[{\"@type\":\"ReadAction\",\"target\":[\"https:\/\/www.sibo-pakuotes.lt\/en\/product\/5-layers-corrugated-cardboard-sheets\/\"]}]},{\"@type\":\"ImageObject\",\"inLanguage\":\"en-US\",\"@id\":\"https:\/\/www.sibo-pakuotes.lt\/en\/product\/5-layers-corrugated-cardboard-sheets\/#primaryimage\",\"url\":\"https:\/\/www.sibo-pakuotes.lt\/wp-content\/uploads\/2017\/09\/\u041b\u0418\u0421\u0422\u042b5.jpg\",\"contentUrl\":\"https:\/\/www.sibo-pakuotes.lt\/wp-content\/uploads\/2017\/09\/\u041b\u0418\u0421\u0422\u042b5.jpg\",\"width\":1000,\"height\":280},{\"@type\":\"BreadcrumbList\",\"@id\":\"https:\/\/www.sibo-pakuotes.lt\/en\/product\/5-layers-corrugated-cardboard-sheets\/#breadcrumb\",\"itemListElement\":[{\"@type\":\"ListItem\",\"position\":1,\"name\":\"Home\",\"item\":\"https:\/\/www.sibo-pakuotes.lt\/en\/\"},{\"@type\":\"ListItem\",\"position\":2,\"name\":\"Shop\",\"item\":\"https:\/\/www.sibo-pakuotes.lt\/en\/shop\/\"},{\"@type\":\"ListItem\",\"position\":3,\"name\":\"5 \u2013 layers corrugated cardboard sheets\"}]},{\"@type\":\"WebSite\",\"@id\":\"https:\/\/www.sibo-pakuotes.lt\/en\/#website\",\"url\":\"https:\/\/www.sibo-pakuotes.lt\/en\/\",\"name\":\"Sibo pakuot\u0117s\",\"description\":\"Kartonini\u0173 d\u0117\u017ei\u0173 gamyba\",\"publisher\":{\"@id\":\"https:\/\/www.sibo-pakuotes.lt\/en\/#organization\"},\"potentialAction\":[{\"@type\":\"SearchAction\",\"target\":{\"@type\":\"EntryPoint\",\"urlTemplate\":\"https:\/\/www.sibo-pakuotes.lt\/en\/?s={search_term_string}\"},\"query-input\":{\"@type\":\"PropertyValueSpecification\",\"valueRequired\":true,\"valueName\":\"search_term_string\"}}],\"inLanguage\":\"en-US\"},{\"@type\":\"Organization\",\"@id\":\"https:\/\/www.sibo-pakuotes.lt\/en\/#organization\",\"name\":\"Sibo pakuot\u0117s\",\"url\":\"https:\/\/www.sibo-pakuotes.lt\/en\/\",\"logo\":{\"@type\":\"ImageObject\",\"inLanguage\":\"en-US\",\"@id\":\"https:\/\/www.sibo-pakuotes.lt\/en\/#\/schema\/logo\/image\/\",\"url\":\"https:\/\/www.sibo-pakuotes.lt\/wp-content\/uploads\/2017\/09\/cropped-SIBO-liet-logo.gif\",\"contentUrl\":\"https:\/\/www.sibo-pakuotes.lt\/wp-content\/uploads\/2017\/09\/cropped-SIBO-liet-logo.gif\",\"width\":248,\"height\":248,\"caption\":\"Sibo pakuot\u0117s\"},\"image\":{\"@id\":\"https:\/\/www.sibo-pakuotes.lt\/en\/#\/schema\/logo\/image\/\"}}]}<\/script>\n<!-- \/ Yoast SEO plugin. -->","yoast_head_json":{"title":"5 \u2013 layers corrugated cardboard sheets - Sibo pakuot\u0117s","robots":{"index":"index","follow":"follow","max-snippet":"max-snippet:-1","max-image-preview":"max-image-preview:large","max-video-preview":"max-video-preview:-1"},"canonical":"https:\/\/www.sibo-pakuotes.lt\/en\/product\/5-layers-corrugated-cardboard-sheets\/","og_locale":"en_US","og_type":"article","og_title":"5 \u2013 layers corrugated cardboard sheets - Sibo pakuot\u0117s","og_description":"5-layer corrugated cardboard consists of two corrugated and three flat cardboard layers. Five-layer cardboard comes in \u2013 \u201cBE\u201d, \u201cBB\u201d, \u201cBC\u201d \u2013 brown or white. Cardboards \"BE\", \"BB\" and \"BC\" differ in the thickness of the corrugation: \"BE\" - about 4 mm thick, \"BB\" - about 6 mm thick, \"BC\" - about 7 mm thick. Colour: brown\/brown \u2013 you can choose from the available, already manufactured assortment \u2013 at the bottom of the page. We can make white cardboard sheets when ordered. We can make sheets of needed dimensions when ordered. NOTE:  The price is indicated and the minimum purchase quantity is from 25 pieces. If you want to know a price of delivery of cardboard sheets, you should enquire separately: bozena@sibo-pakuotes.lt","og_url":"https:\/\/www.sibo-pakuotes.lt\/en\/product\/5-layers-corrugated-cardboard-sheets\/","og_site_name":"Sibo pakuot\u0117s","article_modified_time":"2025-06-04T07:23:23+00:00","og_image":[{"width":1000,"height":280,"url":"https:\/\/www.sibo-pakuotes.lt\/wp-content\/uploads\/2017\/09\/\u041b\u0418\u0421\u0422\u042b5.jpg","type":"image\/jpeg"}],"twitter_card":"summary_large_image","schema":{"@context":"https:\/\/schema.org","@graph":[{"@type":"WebPage","@id":"https:\/\/www.sibo-pakuotes.lt\/en\/product\/5-layers-corrugated-cardboard-sheets\/","url":"https:\/\/www.sibo-pakuotes.lt\/en\/product\/5-layers-corrugated-cardboard-sheets\/","name":"5 \u2013 layers corrugated cardboard sheets - Sibo pakuot\u0117s","isPartOf":{"@id":"https:\/\/www.sibo-pakuotes.lt\/en\/#website"},"primaryImageOfPage":{"@id":"https:\/\/www.sibo-pakuotes.lt\/en\/product\/5-layers-corrugated-cardboard-sheets\/#primaryimage"},"image":{"@id":"https:\/\/www.sibo-pakuotes.lt\/en\/product\/5-layers-corrugated-cardboard-sheets\/#primaryimage"},"thumbnailUrl":"https:\/\/www.sibo-pakuotes.lt\/wp-content\/uploads\/2017\/09\/\u041b\u0418\u0421\u0422\u042b5.jpg","datePublished":"2017-09-20T10:01:30+00:00","dateModified":"2025-06-04T07:23:23+00:00","breadcrumb":{"@id":"https:\/\/www.sibo-pakuotes.lt\/en\/product\/5-layers-corrugated-cardboard-sheets\/#breadcrumb"},"inLanguage":"en-US","potentialAction":[{"@type":"ReadAction","target":["https:\/\/www.sibo-pakuotes.lt\/en\/product\/5-layers-corrugated-cardboard-sheets\/"]}]},{"@type":"ImageObject","inLanguage":"en-US","@id":"https:\/\/www.sibo-pakuotes.lt\/en\/product\/5-layers-corrugated-cardboard-sheets\/#primaryimage","url":"https:\/\/www.sibo-pakuotes.lt\/wp-content\/uploads\/2017\/09\/\u041b\u0418\u0421\u0422\u042b5.jpg","contentUrl":"https:\/\/www.sibo-pakuotes.lt\/wp-content\/uploads\/2017\/09\/\u041b\u0418\u0421\u0422\u042b5.jpg","width":1000,"height":280},{"@type":"BreadcrumbList","@id":"https:\/\/www.sibo-pakuotes.lt\/en\/product\/5-layers-corrugated-cardboard-sheets\/#breadcrumb","itemListElement":[{"@type":"ListItem","position":1,"name":"Home","item":"https:\/\/www.sibo-pakuotes.lt\/en\/"},{"@type":"ListItem","position":2,"name":"Shop","item":"https:\/\/www.sibo-pakuotes.lt\/en\/shop\/"},{"@type":"ListItem","position":3,"name":"5 \u2013 layers corrugated cardboard sheets"}]},{"@type":"WebSite","@id":"https:\/\/www.sibo-pakuotes.lt\/en\/#website","url":"https:\/\/www.sibo-pakuotes.lt\/en\/","name":"Sibo pakuot\u0117s","description":"Kartonini\u0173 d\u0117\u017ei\u0173 gamyba","publisher":{"@id":"https:\/\/www.sibo-pakuotes.lt\/en\/#organization"},"potentialAction":[{"@type":"SearchAction","target":{"@type":"EntryPoint","urlTemplate":"https:\/\/www.sibo-pakuotes.lt\/en\/?s={search_term_string}"},"query-input":{"@type":"PropertyValueSpecification","valueRequired":true,"valueName":"search_term_string"}}],"inLanguage":"en-US"},{"@type":"Organization","@id":"https:\/\/www.sibo-pakuotes.lt\/en\/#organization","name":"Sibo pakuot\u0117s","url":"https:\/\/www.sibo-pakuotes.lt\/en\/","logo":{"@type":"ImageObject","inLanguage":"en-US","@id":"https:\/\/www.sibo-pakuotes.lt\/en\/#\/schema\/logo\/image\/","url":"https:\/\/www.sibo-pakuotes.lt\/wp-content\/uploads\/2017\/09\/cropped-SIBO-liet-logo.gif","contentUrl":"https:\/\/www.sibo-pakuotes.lt\/wp-content\/uploads\/2017\/09\/cropped-SIBO-liet-logo.gif","width":248,"height":248,"caption":"Sibo pakuot\u0117s"},"image":{"@id":"https:\/\/www.sibo-pakuotes.lt\/en\/#\/schema\/logo\/image\/"}}]}},"_links":{"self":[{"href":"https:\/\/www.sibo-pakuotes.lt\/en\/wp-json\/wp\/v2\/product\/3660","targetHints":{"allow":["GET"]}}],"collection":[{"href":"https:\/\/www.sibo-pakuotes.lt\/en\/wp-json\/wp\/v2\/product"}],"about":[{"href":"https:\/\/www.sibo-pakuotes.lt\/en\/wp-json\/wp\/v2\/types\/product"}],"wp:featuredmedia":[{"embeddable":true,"href":"https:\/\/www.sibo-pakuotes.lt\/en\/wp-json\/wp\/v2\/media\/3144"}],"wp:attachment":[{"href":"https:\/\/www.sibo-pakuotes.lt\/en\/wp-json\/wp\/v2\/media?parent=3660"}],"wp:term":[{"taxonomy":"product_brand","embeddable":true,"href":"https:\/\/www.sibo-pakuotes.lt\/en\/wp-json\/wp\/v2\/product_brand?post=3660"},{"taxonomy":"product_cat","embeddable":true,"href":"https:\/\/www.sibo-pakuotes.lt\/en\/wp-json\/wp\/v2\/product_cat?post=3660"},{"taxonomy":"product_tag","embeddable":true,"href":"https:\/\/www.sibo-pakuotes.lt\/en\/wp-json\/wp\/v2\/product_tag?post=3660"}],"curies":[{"name":"wp","href":"https:\/\/api.w.org\/{rel}","templated":true}]}}