{"id":3585,"date":"2025-04-06T09:20:51","date_gmt":"2025-04-06T06:20:51","guid":{"rendered":"https:\/\/www.sibo-pakuotes.lt\/produktas\/parcel-boxes\/"},"modified":"2026-03-04T16:14:16","modified_gmt":"2026-03-04T14:14:16","slug":"parcel-boxes","status":"publish","type":"product","link":"https:\/\/www.sibo-pakuotes.lt\/en\/product\/parcel-boxes\/","title":{"rendered":"Parcel boxes"},"content":{"rendered":"","protected":false},"excerpt":{"rendered":"<p>We have a large selection of boxes of various sizes for &#8211; parcel lockers \/ terminals.<\/p>\n<p>You will find cardboard shipping boxes \u2013 for S, M and L sizes locker compartments \/ terminals <b>&#8211; table below.<\/b><\/p>\n<p>The boxes are suitable for \u2013 DPD, LP Express, Omniva, Venipak, \u2026 parcel terminals.<\/p>\n<p>The boxes are model F0427 \u2013 quick assembly boxes, and model F0201 \u2013 standard boxes .<\/p>\n<p>Choose a box of suitable dimensions for you in the catalog of manufactured boxes, if you cannot find the right dimensions, please place an order <a href=\"https:\/\/www.sibo-pakuotes.lt\/en\/ask-for-production\/\">for the production of boxes \u2013 here.<\/a><\/p>\n<p>We will produce boxes according to your dimensions \u2013 quickly and high-quality \u2013 Your desired quantity.<\/p>\n<p>The table below &#8211; shows the internal dimensions of the boxes.<\/p>\n<p>The price is indicated and the minimum purchase quantity is from 25 pcs.<\/p>\n","protected":false},"featured_media":3324,"template":"","meta":[],"product_brand":[],"product_cat":[85],"product_tag":[],"class_list":{"0":"post-3585","1":"product","2":"type-product","3":"status-publish","4":"has-post-thumbnail","6":"product_cat-cardboard-boxes","8":"first","9":"instock","10":"taxable","11":"shipping-taxable","12":"purchasable","13":"product-type-variable"},"yoast_head":"<!-- This site is optimized with the Yoast SEO plugin v25.1 - https:\/\/yoast.com\/wordpress\/plugins\/seo\/ -->\n<title>Parcel boxes - Sibo pakuot\u0117s<\/title>\n<meta name=\"robots\" content=\"index, follow, max-snippet:-1, max-image-preview:large, max-video-preview:-1\" \/>\n<link rel=\"canonical\" href=\"https:\/\/www.sibo-pakuotes.lt\/en\/product\/parcel-boxes\/\" \/>\n<meta property=\"og:locale\" content=\"en_US\" \/>\n<meta property=\"og:type\" content=\"article\" \/>\n<meta property=\"og:title\" content=\"Parcel boxes - Sibo pakuot\u0117s\" \/>\n<meta property=\"og:description\" content=\"We have a large selection of boxes of various sizes for - parcel lockers \/ terminals. You will find cardboard shipping boxes \u2013 for S, M and L sizes locker compartments \/ terminals - table below. The boxes are suitable for \u2013 DPD, LP Express, Omniva, Venipak, \u2026 parcel terminals. The boxes are model F0427 \u2013 quick assembly boxes, and model F0201 \u2013 standard boxes . Choose a box of suitable dimensions for you in the catalog of manufactured boxes, if you cannot find the right dimensions, please place an order for the production of boxes \u2013 here. We will produce boxes according to your dimensions \u2013 quickly and high-quality \u2013 Your desired quantity. The table below - shows the internal dimensions of the boxes. The price is indicated and the minimum purchase quantity is from 25 pcs.\" \/>\n<meta property=\"og:url\" content=\"https:\/\/www.sibo-pakuotes.lt\/en\/product\/parcel-boxes\/\" \/>\n<meta property=\"og:site_name\" content=\"Sibo pakuot\u0117s\" \/>\n<meta property=\"article:modified_time\" content=\"2026-03-04T14:14:16+00:00\" \/>\n<meta property=\"og:image\" content=\"https:\/\/www.sibo-pakuotes.lt\/wp-content\/uploads\/2025\/04\/pastomatu-dezes.jpg\" \/>\n\t<meta property=\"og:image:width\" content=\"984\" \/>\n\t<meta property=\"og:image:height\" content=\"453\" \/>\n\t<meta property=\"og:image:type\" content=\"image\/jpeg\" \/>\n<meta name=\"twitter:card\" content=\"summary_large_image\" \/>\n<script type=\"application\/ld+json\" class=\"yoast-schema-graph\">{\"@context\":\"https:\/\/schema.org\",\"@graph\":[{\"@type\":\"WebPage\",\"@id\":\"https:\/\/www.sibo-pakuotes.lt\/en\/product\/parcel-boxes\/\",\"url\":\"https:\/\/www.sibo-pakuotes.lt\/en\/product\/parcel-boxes\/\",\"name\":\"Parcel boxes - Sibo pakuot\u0117s\",\"isPartOf\":{\"@id\":\"https:\/\/www.sibo-pakuotes.lt\/en\/#website\"},\"primaryImageOfPage\":{\"@id\":\"https:\/\/www.sibo-pakuotes.lt\/en\/product\/parcel-boxes\/#primaryimage\"},\"image\":{\"@id\":\"https:\/\/www.sibo-pakuotes.lt\/en\/product\/parcel-boxes\/#primaryimage\"},\"thumbnailUrl\":\"https:\/\/www.sibo-pakuotes.lt\/wp-content\/uploads\/2025\/04\/pastomatu-dezes.jpg\",\"datePublished\":\"2025-04-06T06:20:51+00:00\",\"dateModified\":\"2026-03-04T14:14:16+00:00\",\"breadcrumb\":{\"@id\":\"https:\/\/www.sibo-pakuotes.lt\/en\/product\/parcel-boxes\/#breadcrumb\"},\"inLanguage\":\"en-US\",\"potentialAction\":[{\"@type\":\"ReadAction\",\"target\":[\"https:\/\/www.sibo-pakuotes.lt\/en\/product\/parcel-boxes\/\"]}]},{\"@type\":\"ImageObject\",\"inLanguage\":\"en-US\",\"@id\":\"https:\/\/www.sibo-pakuotes.lt\/en\/product\/parcel-boxes\/#primaryimage\",\"url\":\"https:\/\/www.sibo-pakuotes.lt\/wp-content\/uploads\/2025\/04\/pastomatu-dezes.jpg\",\"contentUrl\":\"https:\/\/www.sibo-pakuotes.lt\/wp-content\/uploads\/2025\/04\/pastomatu-dezes.jpg\",\"width\":984,\"height\":453},{\"@type\":\"BreadcrumbList\",\"@id\":\"https:\/\/www.sibo-pakuotes.lt\/en\/product\/parcel-boxes\/#breadcrumb\",\"itemListElement\":[{\"@type\":\"ListItem\",\"position\":1,\"name\":\"Home\",\"item\":\"https:\/\/www.sibo-pakuotes.lt\/en\/\"},{\"@type\":\"ListItem\",\"position\":2,\"name\":\"Shop\",\"item\":\"https:\/\/www.sibo-pakuotes.lt\/en\/shop\/\"},{\"@type\":\"ListItem\",\"position\":3,\"name\":\"Parcel boxes\"}]},{\"@type\":\"WebSite\",\"@id\":\"https:\/\/www.sibo-pakuotes.lt\/en\/#website\",\"url\":\"https:\/\/www.sibo-pakuotes.lt\/en\/\",\"name\":\"Sibo pakuot\u0117s\",\"description\":\"Kartonini\u0173 d\u0117\u017ei\u0173 gamyba\",\"publisher\":{\"@id\":\"https:\/\/www.sibo-pakuotes.lt\/en\/#organization\"},\"potentialAction\":[{\"@type\":\"SearchAction\",\"target\":{\"@type\":\"EntryPoint\",\"urlTemplate\":\"https:\/\/www.sibo-pakuotes.lt\/en\/?s={search_term_string}\"},\"query-input\":{\"@type\":\"PropertyValueSpecification\",\"valueRequired\":true,\"valueName\":\"search_term_string\"}}],\"inLanguage\":\"en-US\"},{\"@type\":\"Organization\",\"@id\":\"https:\/\/www.sibo-pakuotes.lt\/en\/#organization\",\"name\":\"Sibo pakuot\u0117s\",\"url\":\"https:\/\/www.sibo-pakuotes.lt\/en\/\",\"logo\":{\"@type\":\"ImageObject\",\"inLanguage\":\"en-US\",\"@id\":\"https:\/\/www.sibo-pakuotes.lt\/en\/#\/schema\/logo\/image\/\",\"url\":\"https:\/\/www.sibo-pakuotes.lt\/wp-content\/uploads\/2017\/09\/cropped-SIBO-liet-logo.gif\",\"contentUrl\":\"https:\/\/www.sibo-pakuotes.lt\/wp-content\/uploads\/2017\/09\/cropped-SIBO-liet-logo.gif\",\"width\":248,\"height\":248,\"caption\":\"Sibo pakuot\u0117s\"},\"image\":{\"@id\":\"https:\/\/www.sibo-pakuotes.lt\/en\/#\/schema\/logo\/image\/\"}}]}<\/script>\n<!-- \/ Yoast SEO plugin. -->","yoast_head_json":{"title":"Parcel boxes - Sibo pakuot\u0117s","robots":{"index":"index","follow":"follow","max-snippet":"max-snippet:-1","max-image-preview":"max-image-preview:large","max-video-preview":"max-video-preview:-1"},"canonical":"https:\/\/www.sibo-pakuotes.lt\/en\/product\/parcel-boxes\/","og_locale":"en_US","og_type":"article","og_title":"Parcel boxes - Sibo pakuot\u0117s","og_description":"We have a large selection of boxes of various sizes for - parcel lockers \/ terminals. You will find cardboard shipping boxes \u2013 for S, M and L sizes locker compartments \/ terminals - table below. The boxes are suitable for \u2013 DPD, LP Express, Omniva, Venipak, \u2026 parcel terminals. The boxes are model F0427 \u2013 quick assembly boxes, and model F0201 \u2013 standard boxes . Choose a box of suitable dimensions for you in the catalog of manufactured boxes, if you cannot find the right dimensions, please place an order for the production of boxes \u2013 here. We will produce boxes according to your dimensions \u2013 quickly and high-quality \u2013 Your desired quantity. The table below - shows the internal dimensions of the boxes. The price is indicated and the minimum purchase quantity is from 25 pcs.","og_url":"https:\/\/www.sibo-pakuotes.lt\/en\/product\/parcel-boxes\/","og_site_name":"Sibo pakuot\u0117s","article_modified_time":"2026-03-04T14:14:16+00:00","og_image":[{"width":984,"height":453,"url":"https:\/\/www.sibo-pakuotes.lt\/wp-content\/uploads\/2025\/04\/pastomatu-dezes.jpg","type":"image\/jpeg"}],"twitter_card":"summary_large_image","schema":{"@context":"https:\/\/schema.org","@graph":[{"@type":"WebPage","@id":"https:\/\/www.sibo-pakuotes.lt\/en\/product\/parcel-boxes\/","url":"https:\/\/www.sibo-pakuotes.lt\/en\/product\/parcel-boxes\/","name":"Parcel boxes - Sibo pakuot\u0117s","isPartOf":{"@id":"https:\/\/www.sibo-pakuotes.lt\/en\/#website"},"primaryImageOfPage":{"@id":"https:\/\/www.sibo-pakuotes.lt\/en\/product\/parcel-boxes\/#primaryimage"},"image":{"@id":"https:\/\/www.sibo-pakuotes.lt\/en\/product\/parcel-boxes\/#primaryimage"},"thumbnailUrl":"https:\/\/www.sibo-pakuotes.lt\/wp-content\/uploads\/2025\/04\/pastomatu-dezes.jpg","datePublished":"2025-04-06T06:20:51+00:00","dateModified":"2026-03-04T14:14:16+00:00","breadcrumb":{"@id":"https:\/\/www.sibo-pakuotes.lt\/en\/product\/parcel-boxes\/#breadcrumb"},"inLanguage":"en-US","potentialAction":[{"@type":"ReadAction","target":["https:\/\/www.sibo-pakuotes.lt\/en\/product\/parcel-boxes\/"]}]},{"@type":"ImageObject","inLanguage":"en-US","@id":"https:\/\/www.sibo-pakuotes.lt\/en\/product\/parcel-boxes\/#primaryimage","url":"https:\/\/www.sibo-pakuotes.lt\/wp-content\/uploads\/2025\/04\/pastomatu-dezes.jpg","contentUrl":"https:\/\/www.sibo-pakuotes.lt\/wp-content\/uploads\/2025\/04\/pastomatu-dezes.jpg","width":984,"height":453},{"@type":"BreadcrumbList","@id":"https:\/\/www.sibo-pakuotes.lt\/en\/product\/parcel-boxes\/#breadcrumb","itemListElement":[{"@type":"ListItem","position":1,"name":"Home","item":"https:\/\/www.sibo-pakuotes.lt\/en\/"},{"@type":"ListItem","position":2,"name":"Shop","item":"https:\/\/www.sibo-pakuotes.lt\/en\/shop\/"},{"@type":"ListItem","position":3,"name":"Parcel boxes"}]},{"@type":"WebSite","@id":"https:\/\/www.sibo-pakuotes.lt\/en\/#website","url":"https:\/\/www.sibo-pakuotes.lt\/en\/","name":"Sibo pakuot\u0117s","description":"Kartonini\u0173 d\u0117\u017ei\u0173 gamyba","publisher":{"@id":"https:\/\/www.sibo-pakuotes.lt\/en\/#organization"},"potentialAction":[{"@type":"SearchAction","target":{"@type":"EntryPoint","urlTemplate":"https:\/\/www.sibo-pakuotes.lt\/en\/?s={search_term_string}"},"query-input":{"@type":"PropertyValueSpecification","valueRequired":true,"valueName":"search_term_string"}}],"inLanguage":"en-US"},{"@type":"Organization","@id":"https:\/\/www.sibo-pakuotes.lt\/en\/#organization","name":"Sibo pakuot\u0117s","url":"https:\/\/www.sibo-pakuotes.lt\/en\/","logo":{"@type":"ImageObject","inLanguage":"en-US","@id":"https:\/\/www.sibo-pakuotes.lt\/en\/#\/schema\/logo\/image\/","url":"https:\/\/www.sibo-pakuotes.lt\/wp-content\/uploads\/2017\/09\/cropped-SIBO-liet-logo.gif","contentUrl":"https:\/\/www.sibo-pakuotes.lt\/wp-content\/uploads\/2017\/09\/cropped-SIBO-liet-logo.gif","width":248,"height":248,"caption":"Sibo pakuot\u0117s"},"image":{"@id":"https:\/\/www.sibo-pakuotes.lt\/en\/#\/schema\/logo\/image\/"}}]}},"_links":{"self":[{"href":"https:\/\/www.sibo-pakuotes.lt\/en\/wp-json\/wp\/v2\/product\/3585","targetHints":{"allow":["GET"]}}],"collection":[{"href":"https:\/\/www.sibo-pakuotes.lt\/en\/wp-json\/wp\/v2\/product"}],"about":[{"href":"https:\/\/www.sibo-pakuotes.lt\/en\/wp-json\/wp\/v2\/types\/product"}],"wp:featuredmedia":[{"embeddable":true,"href":"https:\/\/www.sibo-pakuotes.lt\/en\/wp-json\/wp\/v2\/media\/3324"}],"wp:attachment":[{"href":"https:\/\/www.sibo-pakuotes.lt\/en\/wp-json\/wp\/v2\/media?parent=3585"}],"wp:term":[{"taxonomy":"product_brand","embeddable":true,"href":"https:\/\/www.sibo-pakuotes.lt\/en\/wp-json\/wp\/v2\/product_brand?post=3585"},{"taxonomy":"product_cat","embeddable":true,"href":"https:\/\/www.sibo-pakuotes.lt\/en\/wp-json\/wp\/v2\/product_cat?post=3585"},{"taxonomy":"product_tag","embeddable":true,"href":"https:\/\/www.sibo-pakuotes.lt\/en\/wp-json\/wp\/v2\/product_tag?post=3585"}],"curies":[{"name":"wp","href":"https:\/\/api.w.org\/{rel}","templated":true}]}}