{"id":3577,"date":"2017-10-23T10:46:02","date_gmt":"2017-10-23T07:46:02","guid":{"rendered":"https:\/\/www.sibo-pakuotes.lt\/produktas\/box-designed-for-cupcake-packaging\/"},"modified":"2025-06-03T15:47:05","modified_gmt":"2025-06-03T12:47:05","slug":"box-designed-for-cupcake-packaging","status":"publish","type":"product","link":"https:\/\/www.sibo-pakuotes.lt\/en\/product\/box-designed-for-cupcake-packaging\/","title":{"rendered":"Box designed for cupcake packaging"},"content":{"rendered":"","protected":false},"excerpt":{"rendered":"<p>Box designed for cupcake packaging.<br \/>The special feature of this box is that it has a special insert preventing cupcakes from losing their shape and touching each other during transportation. <\/p>\n<p>Upon request, we can make boxes for cookies in 370 x 230 x 140 (LxWxH) \u2013 from three-layer \u201cB\u201d corrugated cardboard of approximately 3 mm thickness.<\/p>\n<p>We have a large assortment of corrugated cardboard boxes and products made from cardboard sheets in stock.<\/p>\n<p>We offer high-quality boxes at good prices.<\/p>\n<p>Cupcake boxes are made from three-layer \u201cE\u201d micro-corrugated cardboard of approximately 1.5 mm thickness.<\/p>\n<p>Select a box of suitable dimensions from our catalogue of available boxes &#8211; table below.<br \/>If you cannot find suitable dimensions, please submit an order for a box making \u201c<strong><a href=\"https:\/\/www.sibo-pakuotes.lt\/en\/ask-for-production\/\">here<\/a><\/strong>\u201d. We will produce boxes according to your dimensions \u2013 quickly and high-quality \u2013 Your desired quantity.<\/p>\n<p>The table shows the internal dimensions of the boxes.<\/p>\n<p>Box model FEFCO 0427.<\/p>\n<p>The price is indicated and the minimum purchase quantity is from 25 pcs.<\/p>\n","protected":false},"featured_media":3264,"template":"","meta":[],"product_brand":[],"product_cat":[85],"product_tag":[],"class_list":{"0":"post-3577","1":"product","2":"type-product","3":"status-publish","4":"has-post-thumbnail","6":"product_cat-cardboard-boxes","8":"first","9":"instock","10":"taxable","11":"shipping-taxable","12":"purchasable","13":"product-type-variable"},"yoast_head":"<!-- This site is optimized with the Yoast SEO plugin v25.1 - https:\/\/yoast.com\/wordpress\/plugins\/seo\/ -->\n<title>Box designed for cupcake packaging - Sibo pakuot\u0117s<\/title>\n<meta name=\"robots\" content=\"index, follow, max-snippet:-1, max-image-preview:large, max-video-preview:-1\" \/>\n<link rel=\"canonical\" href=\"https:\/\/www.sibo-pakuotes.lt\/en\/product\/box-designed-for-cupcake-packaging\/\" \/>\n<meta property=\"og:locale\" content=\"en_US\" \/>\n<meta property=\"og:type\" content=\"article\" \/>\n<meta property=\"og:title\" content=\"Box designed for cupcake packaging - Sibo pakuot\u0117s\" \/>\n<meta property=\"og:description\" content=\"Box designed for cupcake packaging.The special feature of this box is that it has a special insert preventing cupcakes from losing their shape and touching each other during transportation.  Upon request, we can make boxes for cookies in 370 x 230 x 140 (LxWxH) \u2013 from three-layer \u201cB\u201d corrugated cardboard of approximately 3 mm thickness. We have a large assortment of corrugated cardboard boxes and products made from cardboard sheets in stock. We offer high-quality boxes at good prices. Cupcake boxes are made from three-layer \u201cE\u201d micro-corrugated cardboard of approximately 1.5 mm thickness. Select a box of suitable dimensions from our catalogue of available boxes - table below.If you cannot find suitable dimensions, please submit an order for a box making \u201chere\u201d. We will produce boxes according to your dimensions \u2013 quickly and high-quality \u2013 Your desired quantity. The table shows the internal dimensions of the boxes. Box model FEFCO 0427. The price is indicated and the minimum purchase quantity is from 25 pcs.\" \/>\n<meta property=\"og:url\" content=\"https:\/\/www.sibo-pakuotes.lt\/en\/product\/box-designed-for-cupcake-packaging\/\" \/>\n<meta property=\"og:site_name\" content=\"Sibo pakuot\u0117s\" \/>\n<meta property=\"article:modified_time\" content=\"2025-06-03T12:47:05+00:00\" \/>\n<meta property=\"og:image\" content=\"https:\/\/www.sibo-pakuotes.lt\/wp-content\/uploads\/2017\/10\/deze-keksams..jpg\" \/>\n\t<meta property=\"og:image:width\" content=\"500\" \/>\n\t<meta property=\"og:image:height\" content=\"340\" \/>\n\t<meta property=\"og:image:type\" content=\"image\/jpeg\" \/>\n<meta name=\"twitter:card\" content=\"summary_large_image\" \/>\n<script type=\"application\/ld+json\" class=\"yoast-schema-graph\">{\"@context\":\"https:\/\/schema.org\",\"@graph\":[{\"@type\":\"WebPage\",\"@id\":\"https:\/\/www.sibo-pakuotes.lt\/en\/product\/box-designed-for-cupcake-packaging\/\",\"url\":\"https:\/\/www.sibo-pakuotes.lt\/en\/product\/box-designed-for-cupcake-packaging\/\",\"name\":\"Box designed for cupcake packaging - Sibo pakuot\u0117s\",\"isPartOf\":{\"@id\":\"https:\/\/www.sibo-pakuotes.lt\/en\/#website\"},\"primaryImageOfPage\":{\"@id\":\"https:\/\/www.sibo-pakuotes.lt\/en\/product\/box-designed-for-cupcake-packaging\/#primaryimage\"},\"image\":{\"@id\":\"https:\/\/www.sibo-pakuotes.lt\/en\/product\/box-designed-for-cupcake-packaging\/#primaryimage\"},\"thumbnailUrl\":\"https:\/\/www.sibo-pakuotes.lt\/wp-content\/uploads\/2017\/10\/deze-keksams..jpg\",\"datePublished\":\"2017-10-23T07:46:02+00:00\",\"dateModified\":\"2025-06-03T12:47:05+00:00\",\"breadcrumb\":{\"@id\":\"https:\/\/www.sibo-pakuotes.lt\/en\/product\/box-designed-for-cupcake-packaging\/#breadcrumb\"},\"inLanguage\":\"en-US\",\"potentialAction\":[{\"@type\":\"ReadAction\",\"target\":[\"https:\/\/www.sibo-pakuotes.lt\/en\/product\/box-designed-for-cupcake-packaging\/\"]}]},{\"@type\":\"ImageObject\",\"inLanguage\":\"en-US\",\"@id\":\"https:\/\/www.sibo-pakuotes.lt\/en\/product\/box-designed-for-cupcake-packaging\/#primaryimage\",\"url\":\"https:\/\/www.sibo-pakuotes.lt\/wp-content\/uploads\/2017\/10\/deze-keksams..jpg\",\"contentUrl\":\"https:\/\/www.sibo-pakuotes.lt\/wp-content\/uploads\/2017\/10\/deze-keksams..jpg\",\"width\":500,\"height\":340},{\"@type\":\"BreadcrumbList\",\"@id\":\"https:\/\/www.sibo-pakuotes.lt\/en\/product\/box-designed-for-cupcake-packaging\/#breadcrumb\",\"itemListElement\":[{\"@type\":\"ListItem\",\"position\":1,\"name\":\"Home\",\"item\":\"https:\/\/www.sibo-pakuotes.lt\/en\/\"},{\"@type\":\"ListItem\",\"position\":2,\"name\":\"Shop\",\"item\":\"https:\/\/www.sibo-pakuotes.lt\/en\/shop\/\"},{\"@type\":\"ListItem\",\"position\":3,\"name\":\"Box designed for cupcake packaging\"}]},{\"@type\":\"WebSite\",\"@id\":\"https:\/\/www.sibo-pakuotes.lt\/en\/#website\",\"url\":\"https:\/\/www.sibo-pakuotes.lt\/en\/\",\"name\":\"Sibo pakuot\u0117s\",\"description\":\"Kartonini\u0173 d\u0117\u017ei\u0173 gamyba\",\"publisher\":{\"@id\":\"https:\/\/www.sibo-pakuotes.lt\/en\/#organization\"},\"potentialAction\":[{\"@type\":\"SearchAction\",\"target\":{\"@type\":\"EntryPoint\",\"urlTemplate\":\"https:\/\/www.sibo-pakuotes.lt\/en\/?s={search_term_string}\"},\"query-input\":{\"@type\":\"PropertyValueSpecification\",\"valueRequired\":true,\"valueName\":\"search_term_string\"}}],\"inLanguage\":\"en-US\"},{\"@type\":\"Organization\",\"@id\":\"https:\/\/www.sibo-pakuotes.lt\/en\/#organization\",\"name\":\"Sibo pakuot\u0117s\",\"url\":\"https:\/\/www.sibo-pakuotes.lt\/en\/\",\"logo\":{\"@type\":\"ImageObject\",\"inLanguage\":\"en-US\",\"@id\":\"https:\/\/www.sibo-pakuotes.lt\/en\/#\/schema\/logo\/image\/\",\"url\":\"https:\/\/www.sibo-pakuotes.lt\/wp-content\/uploads\/2017\/09\/cropped-SIBO-liet-logo.gif\",\"contentUrl\":\"https:\/\/www.sibo-pakuotes.lt\/wp-content\/uploads\/2017\/09\/cropped-SIBO-liet-logo.gif\",\"width\":248,\"height\":248,\"caption\":\"Sibo pakuot\u0117s\"},\"image\":{\"@id\":\"https:\/\/www.sibo-pakuotes.lt\/en\/#\/schema\/logo\/image\/\"}}]}<\/script>\n<!-- \/ Yoast SEO plugin. -->","yoast_head_json":{"title":"Box designed for cupcake packaging - Sibo pakuot\u0117s","robots":{"index":"index","follow":"follow","max-snippet":"max-snippet:-1","max-image-preview":"max-image-preview:large","max-video-preview":"max-video-preview:-1"},"canonical":"https:\/\/www.sibo-pakuotes.lt\/en\/product\/box-designed-for-cupcake-packaging\/","og_locale":"en_US","og_type":"article","og_title":"Box designed for cupcake packaging - Sibo pakuot\u0117s","og_description":"Box designed for cupcake packaging.The special feature of this box is that it has a special insert preventing cupcakes from losing their shape and touching each other during transportation.  Upon request, we can make boxes for cookies in 370 x 230 x 140 (LxWxH) \u2013 from three-layer \u201cB\u201d corrugated cardboard of approximately 3 mm thickness. We have a large assortment of corrugated cardboard boxes and products made from cardboard sheets in stock. We offer high-quality boxes at good prices. Cupcake boxes are made from three-layer \u201cE\u201d micro-corrugated cardboard of approximately 1.5 mm thickness. Select a box of suitable dimensions from our catalogue of available boxes - table below.If you cannot find suitable dimensions, please submit an order for a box making \u201chere\u201d. We will produce boxes according to your dimensions \u2013 quickly and high-quality \u2013 Your desired quantity. The table shows the internal dimensions of the boxes. Box model FEFCO 0427. The price is indicated and the minimum purchase quantity is from 25 pcs.","og_url":"https:\/\/www.sibo-pakuotes.lt\/en\/product\/box-designed-for-cupcake-packaging\/","og_site_name":"Sibo pakuot\u0117s","article_modified_time":"2025-06-03T12:47:05+00:00","og_image":[{"width":500,"height":340,"url":"https:\/\/www.sibo-pakuotes.lt\/wp-content\/uploads\/2017\/10\/deze-keksams..jpg","type":"image\/jpeg"}],"twitter_card":"summary_large_image","schema":{"@context":"https:\/\/schema.org","@graph":[{"@type":"WebPage","@id":"https:\/\/www.sibo-pakuotes.lt\/en\/product\/box-designed-for-cupcake-packaging\/","url":"https:\/\/www.sibo-pakuotes.lt\/en\/product\/box-designed-for-cupcake-packaging\/","name":"Box designed for cupcake packaging - Sibo pakuot\u0117s","isPartOf":{"@id":"https:\/\/www.sibo-pakuotes.lt\/en\/#website"},"primaryImageOfPage":{"@id":"https:\/\/www.sibo-pakuotes.lt\/en\/product\/box-designed-for-cupcake-packaging\/#primaryimage"},"image":{"@id":"https:\/\/www.sibo-pakuotes.lt\/en\/product\/box-designed-for-cupcake-packaging\/#primaryimage"},"thumbnailUrl":"https:\/\/www.sibo-pakuotes.lt\/wp-content\/uploads\/2017\/10\/deze-keksams..jpg","datePublished":"2017-10-23T07:46:02+00:00","dateModified":"2025-06-03T12:47:05+00:00","breadcrumb":{"@id":"https:\/\/www.sibo-pakuotes.lt\/en\/product\/box-designed-for-cupcake-packaging\/#breadcrumb"},"inLanguage":"en-US","potentialAction":[{"@type":"ReadAction","target":["https:\/\/www.sibo-pakuotes.lt\/en\/product\/box-designed-for-cupcake-packaging\/"]}]},{"@type":"ImageObject","inLanguage":"en-US","@id":"https:\/\/www.sibo-pakuotes.lt\/en\/product\/box-designed-for-cupcake-packaging\/#primaryimage","url":"https:\/\/www.sibo-pakuotes.lt\/wp-content\/uploads\/2017\/10\/deze-keksams..jpg","contentUrl":"https:\/\/www.sibo-pakuotes.lt\/wp-content\/uploads\/2017\/10\/deze-keksams..jpg","width":500,"height":340},{"@type":"BreadcrumbList","@id":"https:\/\/www.sibo-pakuotes.lt\/en\/product\/box-designed-for-cupcake-packaging\/#breadcrumb","itemListElement":[{"@type":"ListItem","position":1,"name":"Home","item":"https:\/\/www.sibo-pakuotes.lt\/en\/"},{"@type":"ListItem","position":2,"name":"Shop","item":"https:\/\/www.sibo-pakuotes.lt\/en\/shop\/"},{"@type":"ListItem","position":3,"name":"Box designed for cupcake packaging"}]},{"@type":"WebSite","@id":"https:\/\/www.sibo-pakuotes.lt\/en\/#website","url":"https:\/\/www.sibo-pakuotes.lt\/en\/","name":"Sibo pakuot\u0117s","description":"Kartonini\u0173 d\u0117\u017ei\u0173 gamyba","publisher":{"@id":"https:\/\/www.sibo-pakuotes.lt\/en\/#organization"},"potentialAction":[{"@type":"SearchAction","target":{"@type":"EntryPoint","urlTemplate":"https:\/\/www.sibo-pakuotes.lt\/en\/?s={search_term_string}"},"query-input":{"@type":"PropertyValueSpecification","valueRequired":true,"valueName":"search_term_string"}}],"inLanguage":"en-US"},{"@type":"Organization","@id":"https:\/\/www.sibo-pakuotes.lt\/en\/#organization","name":"Sibo pakuot\u0117s","url":"https:\/\/www.sibo-pakuotes.lt\/en\/","logo":{"@type":"ImageObject","inLanguage":"en-US","@id":"https:\/\/www.sibo-pakuotes.lt\/en\/#\/schema\/logo\/image\/","url":"https:\/\/www.sibo-pakuotes.lt\/wp-content\/uploads\/2017\/09\/cropped-SIBO-liet-logo.gif","contentUrl":"https:\/\/www.sibo-pakuotes.lt\/wp-content\/uploads\/2017\/09\/cropped-SIBO-liet-logo.gif","width":248,"height":248,"caption":"Sibo pakuot\u0117s"},"image":{"@id":"https:\/\/www.sibo-pakuotes.lt\/en\/#\/schema\/logo\/image\/"}}]}},"_links":{"self":[{"href":"https:\/\/www.sibo-pakuotes.lt\/en\/wp-json\/wp\/v2\/product\/3577","targetHints":{"allow":["GET"]}}],"collection":[{"href":"https:\/\/www.sibo-pakuotes.lt\/en\/wp-json\/wp\/v2\/product"}],"about":[{"href":"https:\/\/www.sibo-pakuotes.lt\/en\/wp-json\/wp\/v2\/types\/product"}],"wp:featuredmedia":[{"embeddable":true,"href":"https:\/\/www.sibo-pakuotes.lt\/en\/wp-json\/wp\/v2\/media\/3264"}],"wp:attachment":[{"href":"https:\/\/www.sibo-pakuotes.lt\/en\/wp-json\/wp\/v2\/media?parent=3577"}],"wp:term":[{"taxonomy":"product_brand","embeddable":true,"href":"https:\/\/www.sibo-pakuotes.lt\/en\/wp-json\/wp\/v2\/product_brand?post=3577"},{"taxonomy":"product_cat","embeddable":true,"href":"https:\/\/www.sibo-pakuotes.lt\/en\/wp-json\/wp\/v2\/product_cat?post=3577"},{"taxonomy":"product_tag","embeddable":true,"href":"https:\/\/www.sibo-pakuotes.lt\/en\/wp-json\/wp\/v2\/product_tag?post=3577"}],"curies":[{"name":"wp","href":"https:\/\/api.w.org\/{rel}","templated":true}]}}