{"id":3531,"date":"2025-03-17T20:34:41","date_gmt":"2025-03-17T18:34:41","guid":{"rendered":"https:\/\/www.sibo-pakuotes.lt\/produktas\/pressed-cardboard-corners\/"},"modified":"2025-08-27T14:46:46","modified_gmt":"2025-08-27T11:46:46","slug":"pressed-cardboard-corners","status":"publish","type":"product","link":"https:\/\/www.sibo-pakuotes.lt\/en\/product\/pressed-cardboard-corners\/","title":{"rendered":"Pressed cardboard corners"},"content":{"rendered":"<p>Advantages of pressed corners:<\/p>\n<p><strong>High density and hardness due to multilayer construction;<\/strong><\/p>\n<p><strong>Ecological, environmentally friendly product &#8211; suitable for recycling;<\/strong><\/p>\n<p><strong>Resistance to moisture and abrasion;<\/strong><\/p>\n<p>&nbsp;<\/p>\n<p>If you need corners of other dimensions &#8211; <strong><a href=\"https:\/\/www.sibo-pakuotes.lt\/en\/ask-for-production\/\">place an order for production.<\/a><\/strong><\/p>\n<p>&nbsp;<\/p>\n","protected":false},"excerpt":{"rendered":"<p>&nbsp;<\/p>\n<p>Protective corners are an ideal option for protecting products from damage during transportation.<\/p>\n<p><strong>NOTE:<\/strong><\/p>\n<p>Corners of pressed cardboard are bundled in packs of 50.<br \/>\nIf necessary, we can cut the corners to fit inside your box for additional strength.<br \/>\nIf you want to know a price of delivery protective corners , you should<br \/>\nenquire separately: <a href=\"mailto:bozena@sibo-pakuotes.lt\">bozena@sibo-pakuotes.lt<\/a><\/p>\n","protected":false},"featured_media":3294,"template":"","meta":[],"product_brand":[],"product_cat":[73,81],"product_tag":[],"class_list":{"0":"post-3531","1":"product","2":"type-product","3":"status-publish","4":"has-post-thumbnail","6":"product_cat-packaging-materials","7":"product_cat-protective-corners","9":"first","10":"instock","11":"taxable","12":"shipping-taxable","13":"purchasable","14":"product-type-variable"},"yoast_head":"<!-- This site is optimized with the Yoast SEO plugin v25.1 - https:\/\/yoast.com\/wordpress\/plugins\/seo\/ -->\n<title>Pressed cardboard corners - Sibo pakuot\u0117s<\/title>\n<meta name=\"robots\" content=\"index, follow, max-snippet:-1, max-image-preview:large, max-video-preview:-1\" \/>\n<link rel=\"canonical\" href=\"https:\/\/www.sibo-pakuotes.lt\/en\/product\/pressed-cardboard-corners\/\" \/>\n<meta property=\"og:locale\" content=\"en_US\" \/>\n<meta property=\"og:type\" content=\"article\" \/>\n<meta property=\"og:title\" content=\"Pressed cardboard corners - Sibo pakuot\u0117s\" \/>\n<meta property=\"og:description\" content=\"&nbsp; Protective corners are an ideal option for protecting products from damage during transportation. NOTE: Corners of pressed cardboard are bundled in packs of 50. If necessary, we can cut the corners to fit inside your box for additional strength. If you want to know a price of delivery protective corners , you should enquire separately: bozena@sibo-pakuotes.lt\" \/>\n<meta property=\"og:url\" content=\"https:\/\/www.sibo-pakuotes.lt\/en\/product\/pressed-cardboard-corners\/\" \/>\n<meta property=\"og:site_name\" content=\"Sibo pakuot\u0117s\" \/>\n<meta property=\"article:modified_time\" content=\"2025-08-27T11:46:46+00:00\" \/>\n<meta property=\"og:image\" content=\"https:\/\/www.sibo-pakuotes.lt\/wp-content\/uploads\/2017\/09\/ugolokkarton.jpg\" \/>\n\t<meta property=\"og:image:width\" content=\"270\" \/>\n\t<meta property=\"og:image:height\" content=\"270\" \/>\n\t<meta property=\"og:image:type\" content=\"image\/jpeg\" \/>\n<meta name=\"twitter:card\" content=\"summary_large_image\" \/>\n<script type=\"application\/ld+json\" class=\"yoast-schema-graph\">{\"@context\":\"https:\/\/schema.org\",\"@graph\":[{\"@type\":\"WebPage\",\"@id\":\"https:\/\/www.sibo-pakuotes.lt\/en\/product\/pressed-cardboard-corners\/\",\"url\":\"https:\/\/www.sibo-pakuotes.lt\/en\/product\/pressed-cardboard-corners\/\",\"name\":\"Pressed cardboard corners - Sibo pakuot\u0117s\",\"isPartOf\":{\"@id\":\"https:\/\/www.sibo-pakuotes.lt\/en\/#website\"},\"primaryImageOfPage\":{\"@id\":\"https:\/\/www.sibo-pakuotes.lt\/en\/product\/pressed-cardboard-corners\/#primaryimage\"},\"image\":{\"@id\":\"https:\/\/www.sibo-pakuotes.lt\/en\/product\/pressed-cardboard-corners\/#primaryimage\"},\"thumbnailUrl\":\"https:\/\/www.sibo-pakuotes.lt\/wp-content\/uploads\/2017\/09\/ugolokkarton.jpg\",\"datePublished\":\"2025-03-17T18:34:41+00:00\",\"dateModified\":\"2025-08-27T11:46:46+00:00\",\"breadcrumb\":{\"@id\":\"https:\/\/www.sibo-pakuotes.lt\/en\/product\/pressed-cardboard-corners\/#breadcrumb\"},\"inLanguage\":\"en-US\",\"potentialAction\":[{\"@type\":\"ReadAction\",\"target\":[\"https:\/\/www.sibo-pakuotes.lt\/en\/product\/pressed-cardboard-corners\/\"]}]},{\"@type\":\"ImageObject\",\"inLanguage\":\"en-US\",\"@id\":\"https:\/\/www.sibo-pakuotes.lt\/en\/product\/pressed-cardboard-corners\/#primaryimage\",\"url\":\"https:\/\/www.sibo-pakuotes.lt\/wp-content\/uploads\/2017\/09\/ugolokkarton.jpg\",\"contentUrl\":\"https:\/\/www.sibo-pakuotes.lt\/wp-content\/uploads\/2017\/09\/ugolokkarton.jpg\",\"width\":270,\"height\":270},{\"@type\":\"BreadcrumbList\",\"@id\":\"https:\/\/www.sibo-pakuotes.lt\/en\/product\/pressed-cardboard-corners\/#breadcrumb\",\"itemListElement\":[{\"@type\":\"ListItem\",\"position\":1,\"name\":\"Home\",\"item\":\"https:\/\/www.sibo-pakuotes.lt\/en\/\"},{\"@type\":\"ListItem\",\"position\":2,\"name\":\"Shop\",\"item\":\"https:\/\/www.sibo-pakuotes.lt\/en\/shop\/\"},{\"@type\":\"ListItem\",\"position\":3,\"name\":\"Pressed cardboard corners\"}]},{\"@type\":\"WebSite\",\"@id\":\"https:\/\/www.sibo-pakuotes.lt\/en\/#website\",\"url\":\"https:\/\/www.sibo-pakuotes.lt\/en\/\",\"name\":\"Sibo pakuot\u0117s\",\"description\":\"Kartonini\u0173 d\u0117\u017ei\u0173 gamyba\",\"publisher\":{\"@id\":\"https:\/\/www.sibo-pakuotes.lt\/en\/#organization\"},\"potentialAction\":[{\"@type\":\"SearchAction\",\"target\":{\"@type\":\"EntryPoint\",\"urlTemplate\":\"https:\/\/www.sibo-pakuotes.lt\/en\/?s={search_term_string}\"},\"query-input\":{\"@type\":\"PropertyValueSpecification\",\"valueRequired\":true,\"valueName\":\"search_term_string\"}}],\"inLanguage\":\"en-US\"},{\"@type\":\"Organization\",\"@id\":\"https:\/\/www.sibo-pakuotes.lt\/en\/#organization\",\"name\":\"Sibo pakuot\u0117s\",\"url\":\"https:\/\/www.sibo-pakuotes.lt\/en\/\",\"logo\":{\"@type\":\"ImageObject\",\"inLanguage\":\"en-US\",\"@id\":\"https:\/\/www.sibo-pakuotes.lt\/en\/#\/schema\/logo\/image\/\",\"url\":\"https:\/\/www.sibo-pakuotes.lt\/wp-content\/uploads\/2017\/09\/cropped-SIBO-liet-logo.gif\",\"contentUrl\":\"https:\/\/www.sibo-pakuotes.lt\/wp-content\/uploads\/2017\/09\/cropped-SIBO-liet-logo.gif\",\"width\":248,\"height\":248,\"caption\":\"Sibo pakuot\u0117s\"},\"image\":{\"@id\":\"https:\/\/www.sibo-pakuotes.lt\/en\/#\/schema\/logo\/image\/\"}}]}<\/script>\n<!-- \/ Yoast SEO plugin. -->","yoast_head_json":{"title":"Pressed cardboard corners - Sibo pakuot\u0117s","robots":{"index":"index","follow":"follow","max-snippet":"max-snippet:-1","max-image-preview":"max-image-preview:large","max-video-preview":"max-video-preview:-1"},"canonical":"https:\/\/www.sibo-pakuotes.lt\/en\/product\/pressed-cardboard-corners\/","og_locale":"en_US","og_type":"article","og_title":"Pressed cardboard corners - Sibo pakuot\u0117s","og_description":"&nbsp; Protective corners are an ideal option for protecting products from damage during transportation. NOTE: Corners of pressed cardboard are bundled in packs of 50. If necessary, we can cut the corners to fit inside your box for additional strength. If you want to know a price of delivery protective corners , you should enquire separately: bozena@sibo-pakuotes.lt","og_url":"https:\/\/www.sibo-pakuotes.lt\/en\/product\/pressed-cardboard-corners\/","og_site_name":"Sibo pakuot\u0117s","article_modified_time":"2025-08-27T11:46:46+00:00","og_image":[{"width":270,"height":270,"url":"https:\/\/www.sibo-pakuotes.lt\/wp-content\/uploads\/2017\/09\/ugolokkarton.jpg","type":"image\/jpeg"}],"twitter_card":"summary_large_image","schema":{"@context":"https:\/\/schema.org","@graph":[{"@type":"WebPage","@id":"https:\/\/www.sibo-pakuotes.lt\/en\/product\/pressed-cardboard-corners\/","url":"https:\/\/www.sibo-pakuotes.lt\/en\/product\/pressed-cardboard-corners\/","name":"Pressed cardboard corners - Sibo pakuot\u0117s","isPartOf":{"@id":"https:\/\/www.sibo-pakuotes.lt\/en\/#website"},"primaryImageOfPage":{"@id":"https:\/\/www.sibo-pakuotes.lt\/en\/product\/pressed-cardboard-corners\/#primaryimage"},"image":{"@id":"https:\/\/www.sibo-pakuotes.lt\/en\/product\/pressed-cardboard-corners\/#primaryimage"},"thumbnailUrl":"https:\/\/www.sibo-pakuotes.lt\/wp-content\/uploads\/2017\/09\/ugolokkarton.jpg","datePublished":"2025-03-17T18:34:41+00:00","dateModified":"2025-08-27T11:46:46+00:00","breadcrumb":{"@id":"https:\/\/www.sibo-pakuotes.lt\/en\/product\/pressed-cardboard-corners\/#breadcrumb"},"inLanguage":"en-US","potentialAction":[{"@type":"ReadAction","target":["https:\/\/www.sibo-pakuotes.lt\/en\/product\/pressed-cardboard-corners\/"]}]},{"@type":"ImageObject","inLanguage":"en-US","@id":"https:\/\/www.sibo-pakuotes.lt\/en\/product\/pressed-cardboard-corners\/#primaryimage","url":"https:\/\/www.sibo-pakuotes.lt\/wp-content\/uploads\/2017\/09\/ugolokkarton.jpg","contentUrl":"https:\/\/www.sibo-pakuotes.lt\/wp-content\/uploads\/2017\/09\/ugolokkarton.jpg","width":270,"height":270},{"@type":"BreadcrumbList","@id":"https:\/\/www.sibo-pakuotes.lt\/en\/product\/pressed-cardboard-corners\/#breadcrumb","itemListElement":[{"@type":"ListItem","position":1,"name":"Home","item":"https:\/\/www.sibo-pakuotes.lt\/en\/"},{"@type":"ListItem","position":2,"name":"Shop","item":"https:\/\/www.sibo-pakuotes.lt\/en\/shop\/"},{"@type":"ListItem","position":3,"name":"Pressed cardboard corners"}]},{"@type":"WebSite","@id":"https:\/\/www.sibo-pakuotes.lt\/en\/#website","url":"https:\/\/www.sibo-pakuotes.lt\/en\/","name":"Sibo pakuot\u0117s","description":"Kartonini\u0173 d\u0117\u017ei\u0173 gamyba","publisher":{"@id":"https:\/\/www.sibo-pakuotes.lt\/en\/#organization"},"potentialAction":[{"@type":"SearchAction","target":{"@type":"EntryPoint","urlTemplate":"https:\/\/www.sibo-pakuotes.lt\/en\/?s={search_term_string}"},"query-input":{"@type":"PropertyValueSpecification","valueRequired":true,"valueName":"search_term_string"}}],"inLanguage":"en-US"},{"@type":"Organization","@id":"https:\/\/www.sibo-pakuotes.lt\/en\/#organization","name":"Sibo pakuot\u0117s","url":"https:\/\/www.sibo-pakuotes.lt\/en\/","logo":{"@type":"ImageObject","inLanguage":"en-US","@id":"https:\/\/www.sibo-pakuotes.lt\/en\/#\/schema\/logo\/image\/","url":"https:\/\/www.sibo-pakuotes.lt\/wp-content\/uploads\/2017\/09\/cropped-SIBO-liet-logo.gif","contentUrl":"https:\/\/www.sibo-pakuotes.lt\/wp-content\/uploads\/2017\/09\/cropped-SIBO-liet-logo.gif","width":248,"height":248,"caption":"Sibo pakuot\u0117s"},"image":{"@id":"https:\/\/www.sibo-pakuotes.lt\/en\/#\/schema\/logo\/image\/"}}]}},"_links":{"self":[{"href":"https:\/\/www.sibo-pakuotes.lt\/en\/wp-json\/wp\/v2\/product\/3531","targetHints":{"allow":["GET"]}}],"collection":[{"href":"https:\/\/www.sibo-pakuotes.lt\/en\/wp-json\/wp\/v2\/product"}],"about":[{"href":"https:\/\/www.sibo-pakuotes.lt\/en\/wp-json\/wp\/v2\/types\/product"}],"wp:featuredmedia":[{"embeddable":true,"href":"https:\/\/www.sibo-pakuotes.lt\/en\/wp-json\/wp\/v2\/media\/3294"}],"wp:attachment":[{"href":"https:\/\/www.sibo-pakuotes.lt\/en\/wp-json\/wp\/v2\/media?parent=3531"}],"wp:term":[{"taxonomy":"product_brand","embeddable":true,"href":"https:\/\/www.sibo-pakuotes.lt\/en\/wp-json\/wp\/v2\/product_brand?post=3531"},{"taxonomy":"product_cat","embeddable":true,"href":"https:\/\/www.sibo-pakuotes.lt\/en\/wp-json\/wp\/v2\/product_cat?post=3531"},{"taxonomy":"product_tag","embeddable":true,"href":"https:\/\/www.sibo-pakuotes.lt\/en\/wp-json\/wp\/v2\/product_tag?post=3531"}],"curies":[{"name":"wp","href":"https:\/\/api.w.org\/{rel}","templated":true}]}}