{"id":3530,"date":"2025-03-17T20:25:47","date_gmt":"2025-03-17T18:25:47","guid":{"rendered":"https:\/\/www.sibo-pakuotes.lt\/produktas\/corrugated-be-4mm-cardboard-corners\/"},"modified":"2025-06-04T13:04:38","modified_gmt":"2025-06-04T10:04:38","slug":"corrugated-be-4mm-cardboard-corners","status":"publish","type":"product","link":"https:\/\/www.sibo-pakuotes.lt\/en\/product\/corrugated-be-4mm-cardboard-corners\/","title":{"rendered":"Corrugated &#8220;BE&#8221; (4mm) cardboard corners"},"content":{"rendered":"<p>We make 3- or 5-layer corrugated cardboard corners or we can offer ready-made pressed cardboard corners.<\/p>\n<p>Protective packaging cardboard corners are used for additional protection of goods during transportation.<\/p>\n<p>Cardboard corners are mostly used for pallets \u2013 to protect goods during transportation on pallets.<\/p>\n<p>&nbsp;<\/p>\n<p>If you need corners of other dimensions \u2013 <strong><a href=\"https:\/\/www.sibo-pakuotes.lt\/en\/ask-for-production\/\">place an order for production.<\/a><\/strong><\/p>\n<p>The most commonly used corner models: FEFCO 0951, FEFCO 0970<\/p>\n<p><img loading=\"lazy\" decoding=\"async\" class=\"alignnone size-full wp-image-4055\" src=\"https:\/\/www.sibo-pakuotes.lt\/wp-content\/uploads\/2025\/03\/Fefco0951.jpg\" alt=\"\" width=\"218\" height=\"151\"> <img loading=\"lazy\" decoding=\"async\" class=\"alignnone size-full wp-image-4052\" src=\"https:\/\/www.sibo-pakuotes.lt\/wp-content\/uploads\/2025\/03\/FEFCO0970-1.jpg\" alt=\"\" width=\"219\" height=\"152\"><\/p>\n","protected":false},"excerpt":{"rendered":"<p>Width (B, C) \u2013 75 mm; length (A) \u2013 <strong>1500 mm,<\/strong> thickness(D) \u2013 4 mm.<\/p>\n<p><strong>NOTE:<\/strong> <\/p>\n<p>If you want to know a price of delivery of protective corners , you should<br \/>\nenquire separately:<\/p>\n<p><a href=\"mailto:bozena@sibo-pakuotes.lt\">bozena@sibo-pakuotes.lt<\/a><\/p>\n<p>Price indicated from 25 pcs<\/p>\n","protected":false},"featured_media":3320,"template":"","meta":[],"product_brand":[],"product_cat":[73,81],"product_tag":[],"class_list":{"0":"post-3530","1":"product","2":"type-product","3":"status-publish","4":"has-post-thumbnail","6":"product_cat-packaging-materials","7":"product_cat-protective-corners","9":"first","10":"instock","11":"taxable","12":"shipping-taxable","13":"purchasable","14":"product-type-simple"},"yoast_head":"<!-- This site is optimized with the Yoast SEO plugin v25.1 - https:\/\/yoast.com\/wordpress\/plugins\/seo\/ -->\n<title>Corrugated &quot;BE&quot; (4mm) cardboard corners - Sibo pakuot\u0117s<\/title>\n<meta name=\"robots\" content=\"index, follow, max-snippet:-1, max-image-preview:large, max-video-preview:-1\" \/>\n<link rel=\"canonical\" href=\"https:\/\/www.sibo-pakuotes.lt\/en\/product\/corrugated-be-4mm-cardboard-corners\/\" \/>\n<meta property=\"og:locale\" content=\"en_US\" \/>\n<meta property=\"og:type\" content=\"article\" \/>\n<meta property=\"og:title\" content=\"Corrugated &quot;BE&quot; (4mm) cardboard corners - Sibo pakuot\u0117s\" \/>\n<meta property=\"og:description\" content=\"Width (B, C) \u2013 75 mm; length (A) \u2013 1500 mm, thickness(D) \u2013 4 mm. NOTE:  If you want to know a price of delivery of protective corners , you should enquire separately:bozena@sibo-pakuotes.ltPrice indicated from 25 pcs\" \/>\n<meta property=\"og:url\" content=\"https:\/\/www.sibo-pakuotes.lt\/en\/product\/corrugated-be-4mm-cardboard-corners\/\" \/>\n<meta property=\"og:site_name\" content=\"Sibo pakuot\u0117s\" \/>\n<meta property=\"article:modified_time\" content=\"2025-06-04T10:04:38+00:00\" \/>\n<meta property=\"og:image\" content=\"https:\/\/www.sibo-pakuotes.lt\/wp-content\/uploads\/2025\/03\/kartono-kampas.jpg\" \/>\n\t<meta property=\"og:image:width\" content=\"1000\" \/>\n\t<meta property=\"og:image:height\" content=\"1000\" \/>\n\t<meta property=\"og:image:type\" content=\"image\/jpeg\" \/>\n<meta name=\"twitter:card\" content=\"summary_large_image\" \/>\n<script type=\"application\/ld+json\" class=\"yoast-schema-graph\">{\"@context\":\"https:\/\/schema.org\",\"@graph\":[{\"@type\":\"WebPage\",\"@id\":\"https:\/\/www.sibo-pakuotes.lt\/en\/product\/corrugated-be-4mm-cardboard-corners\/\",\"url\":\"https:\/\/www.sibo-pakuotes.lt\/en\/product\/corrugated-be-4mm-cardboard-corners\/\",\"name\":\"Corrugated \\\"BE\\\" (4mm) cardboard corners - Sibo pakuot\u0117s\",\"isPartOf\":{\"@id\":\"https:\/\/www.sibo-pakuotes.lt\/en\/#website\"},\"primaryImageOfPage\":{\"@id\":\"https:\/\/www.sibo-pakuotes.lt\/en\/product\/corrugated-be-4mm-cardboard-corners\/#primaryimage\"},\"image\":{\"@id\":\"https:\/\/www.sibo-pakuotes.lt\/en\/product\/corrugated-be-4mm-cardboard-corners\/#primaryimage\"},\"thumbnailUrl\":\"https:\/\/www.sibo-pakuotes.lt\/wp-content\/uploads\/2025\/03\/kartono-kampas.jpg\",\"datePublished\":\"2025-03-17T18:25:47+00:00\",\"dateModified\":\"2025-06-04T10:04:38+00:00\",\"breadcrumb\":{\"@id\":\"https:\/\/www.sibo-pakuotes.lt\/en\/product\/corrugated-be-4mm-cardboard-corners\/#breadcrumb\"},\"inLanguage\":\"en-US\",\"potentialAction\":[{\"@type\":\"ReadAction\",\"target\":[\"https:\/\/www.sibo-pakuotes.lt\/en\/product\/corrugated-be-4mm-cardboard-corners\/\"]}]},{\"@type\":\"ImageObject\",\"inLanguage\":\"en-US\",\"@id\":\"https:\/\/www.sibo-pakuotes.lt\/en\/product\/corrugated-be-4mm-cardboard-corners\/#primaryimage\",\"url\":\"https:\/\/www.sibo-pakuotes.lt\/wp-content\/uploads\/2025\/03\/kartono-kampas.jpg\",\"contentUrl\":\"https:\/\/www.sibo-pakuotes.lt\/wp-content\/uploads\/2025\/03\/kartono-kampas.jpg\",\"width\":1000,\"height\":1000},{\"@type\":\"BreadcrumbList\",\"@id\":\"https:\/\/www.sibo-pakuotes.lt\/en\/product\/corrugated-be-4mm-cardboard-corners\/#breadcrumb\",\"itemListElement\":[{\"@type\":\"ListItem\",\"position\":1,\"name\":\"Home\",\"item\":\"https:\/\/www.sibo-pakuotes.lt\/en\/\"},{\"@type\":\"ListItem\",\"position\":2,\"name\":\"Shop\",\"item\":\"https:\/\/www.sibo-pakuotes.lt\/en\/shop\/\"},{\"@type\":\"ListItem\",\"position\":3,\"name\":\"Corrugated &#8220;BE&#8221; (4mm) cardboard corners\"}]},{\"@type\":\"WebSite\",\"@id\":\"https:\/\/www.sibo-pakuotes.lt\/en\/#website\",\"url\":\"https:\/\/www.sibo-pakuotes.lt\/en\/\",\"name\":\"Sibo pakuot\u0117s\",\"description\":\"Kartonini\u0173 d\u0117\u017ei\u0173 gamyba\",\"publisher\":{\"@id\":\"https:\/\/www.sibo-pakuotes.lt\/en\/#organization\"},\"potentialAction\":[{\"@type\":\"SearchAction\",\"target\":{\"@type\":\"EntryPoint\",\"urlTemplate\":\"https:\/\/www.sibo-pakuotes.lt\/en\/?s={search_term_string}\"},\"query-input\":{\"@type\":\"PropertyValueSpecification\",\"valueRequired\":true,\"valueName\":\"search_term_string\"}}],\"inLanguage\":\"en-US\"},{\"@type\":\"Organization\",\"@id\":\"https:\/\/www.sibo-pakuotes.lt\/en\/#organization\",\"name\":\"Sibo pakuot\u0117s\",\"url\":\"https:\/\/www.sibo-pakuotes.lt\/en\/\",\"logo\":{\"@type\":\"ImageObject\",\"inLanguage\":\"en-US\",\"@id\":\"https:\/\/www.sibo-pakuotes.lt\/en\/#\/schema\/logo\/image\/\",\"url\":\"https:\/\/www.sibo-pakuotes.lt\/wp-content\/uploads\/2017\/09\/cropped-SIBO-liet-logo.gif\",\"contentUrl\":\"https:\/\/www.sibo-pakuotes.lt\/wp-content\/uploads\/2017\/09\/cropped-SIBO-liet-logo.gif\",\"width\":248,\"height\":248,\"caption\":\"Sibo pakuot\u0117s\"},\"image\":{\"@id\":\"https:\/\/www.sibo-pakuotes.lt\/en\/#\/schema\/logo\/image\/\"}}]}<\/script>\n<!-- \/ Yoast SEO plugin. -->","yoast_head_json":{"title":"Corrugated \"BE\" (4mm) cardboard corners - Sibo pakuot\u0117s","robots":{"index":"index","follow":"follow","max-snippet":"max-snippet:-1","max-image-preview":"max-image-preview:large","max-video-preview":"max-video-preview:-1"},"canonical":"https:\/\/www.sibo-pakuotes.lt\/en\/product\/corrugated-be-4mm-cardboard-corners\/","og_locale":"en_US","og_type":"article","og_title":"Corrugated \"BE\" (4mm) cardboard corners - Sibo pakuot\u0117s","og_description":"Width (B, C) \u2013 75 mm; length (A) \u2013 1500 mm, thickness(D) \u2013 4 mm. NOTE:  If you want to know a price of delivery of protective corners , you should enquire separately:bozena@sibo-pakuotes.ltPrice indicated from 25 pcs","og_url":"https:\/\/www.sibo-pakuotes.lt\/en\/product\/corrugated-be-4mm-cardboard-corners\/","og_site_name":"Sibo pakuot\u0117s","article_modified_time":"2025-06-04T10:04:38+00:00","og_image":[{"width":1000,"height":1000,"url":"https:\/\/www.sibo-pakuotes.lt\/wp-content\/uploads\/2025\/03\/kartono-kampas.jpg","type":"image\/jpeg"}],"twitter_card":"summary_large_image","schema":{"@context":"https:\/\/schema.org","@graph":[{"@type":"WebPage","@id":"https:\/\/www.sibo-pakuotes.lt\/en\/product\/corrugated-be-4mm-cardboard-corners\/","url":"https:\/\/www.sibo-pakuotes.lt\/en\/product\/corrugated-be-4mm-cardboard-corners\/","name":"Corrugated \"BE\" (4mm) cardboard corners - Sibo pakuot\u0117s","isPartOf":{"@id":"https:\/\/www.sibo-pakuotes.lt\/en\/#website"},"primaryImageOfPage":{"@id":"https:\/\/www.sibo-pakuotes.lt\/en\/product\/corrugated-be-4mm-cardboard-corners\/#primaryimage"},"image":{"@id":"https:\/\/www.sibo-pakuotes.lt\/en\/product\/corrugated-be-4mm-cardboard-corners\/#primaryimage"},"thumbnailUrl":"https:\/\/www.sibo-pakuotes.lt\/wp-content\/uploads\/2025\/03\/kartono-kampas.jpg","datePublished":"2025-03-17T18:25:47+00:00","dateModified":"2025-06-04T10:04:38+00:00","breadcrumb":{"@id":"https:\/\/www.sibo-pakuotes.lt\/en\/product\/corrugated-be-4mm-cardboard-corners\/#breadcrumb"},"inLanguage":"en-US","potentialAction":[{"@type":"ReadAction","target":["https:\/\/www.sibo-pakuotes.lt\/en\/product\/corrugated-be-4mm-cardboard-corners\/"]}]},{"@type":"ImageObject","inLanguage":"en-US","@id":"https:\/\/www.sibo-pakuotes.lt\/en\/product\/corrugated-be-4mm-cardboard-corners\/#primaryimage","url":"https:\/\/www.sibo-pakuotes.lt\/wp-content\/uploads\/2025\/03\/kartono-kampas.jpg","contentUrl":"https:\/\/www.sibo-pakuotes.lt\/wp-content\/uploads\/2025\/03\/kartono-kampas.jpg","width":1000,"height":1000},{"@type":"BreadcrumbList","@id":"https:\/\/www.sibo-pakuotes.lt\/en\/product\/corrugated-be-4mm-cardboard-corners\/#breadcrumb","itemListElement":[{"@type":"ListItem","position":1,"name":"Home","item":"https:\/\/www.sibo-pakuotes.lt\/en\/"},{"@type":"ListItem","position":2,"name":"Shop","item":"https:\/\/www.sibo-pakuotes.lt\/en\/shop\/"},{"@type":"ListItem","position":3,"name":"Corrugated &#8220;BE&#8221; (4mm) cardboard corners"}]},{"@type":"WebSite","@id":"https:\/\/www.sibo-pakuotes.lt\/en\/#website","url":"https:\/\/www.sibo-pakuotes.lt\/en\/","name":"Sibo pakuot\u0117s","description":"Kartonini\u0173 d\u0117\u017ei\u0173 gamyba","publisher":{"@id":"https:\/\/www.sibo-pakuotes.lt\/en\/#organization"},"potentialAction":[{"@type":"SearchAction","target":{"@type":"EntryPoint","urlTemplate":"https:\/\/www.sibo-pakuotes.lt\/en\/?s={search_term_string}"},"query-input":{"@type":"PropertyValueSpecification","valueRequired":true,"valueName":"search_term_string"}}],"inLanguage":"en-US"},{"@type":"Organization","@id":"https:\/\/www.sibo-pakuotes.lt\/en\/#organization","name":"Sibo pakuot\u0117s","url":"https:\/\/www.sibo-pakuotes.lt\/en\/","logo":{"@type":"ImageObject","inLanguage":"en-US","@id":"https:\/\/www.sibo-pakuotes.lt\/en\/#\/schema\/logo\/image\/","url":"https:\/\/www.sibo-pakuotes.lt\/wp-content\/uploads\/2017\/09\/cropped-SIBO-liet-logo.gif","contentUrl":"https:\/\/www.sibo-pakuotes.lt\/wp-content\/uploads\/2017\/09\/cropped-SIBO-liet-logo.gif","width":248,"height":248,"caption":"Sibo pakuot\u0117s"},"image":{"@id":"https:\/\/www.sibo-pakuotes.lt\/en\/#\/schema\/logo\/image\/"}}]}},"_links":{"self":[{"href":"https:\/\/www.sibo-pakuotes.lt\/en\/wp-json\/wp\/v2\/product\/3530","targetHints":{"allow":["GET"]}}],"collection":[{"href":"https:\/\/www.sibo-pakuotes.lt\/en\/wp-json\/wp\/v2\/product"}],"about":[{"href":"https:\/\/www.sibo-pakuotes.lt\/en\/wp-json\/wp\/v2\/types\/product"}],"wp:featuredmedia":[{"embeddable":true,"href":"https:\/\/www.sibo-pakuotes.lt\/en\/wp-json\/wp\/v2\/media\/3320"}],"wp:attachment":[{"href":"https:\/\/www.sibo-pakuotes.lt\/en\/wp-json\/wp\/v2\/media?parent=3530"}],"wp:term":[{"taxonomy":"product_brand","embeddable":true,"href":"https:\/\/www.sibo-pakuotes.lt\/en\/wp-json\/wp\/v2\/product_brand?post=3530"},{"taxonomy":"product_cat","embeddable":true,"href":"https:\/\/www.sibo-pakuotes.lt\/en\/wp-json\/wp\/v2\/product_cat?post=3530"},{"taxonomy":"product_tag","embeddable":true,"href":"https:\/\/www.sibo-pakuotes.lt\/en\/wp-json\/wp\/v2\/product_tag?post=3530"}],"curies":[{"name":"wp","href":"https:\/\/api.w.org\/{rel}","templated":true}]}}