{"id":3467,"date":"2017-08-09T15:33:36","date_gmt":"2017-08-09T12:33:36","guid":{"rendered":"https:\/\/www.sibo-pakuotes.lt\/produktas\/3-layers-box\/"},"modified":"2025-06-03T15:23:29","modified_gmt":"2025-06-03T12:23:29","slug":"3-layers-box","status":"publish","type":"product","link":"https:\/\/www.sibo-pakuotes.lt\/en\/product\/3-layers-box\/","title":{"rendered":"3-layer boxes"},"content":{"rendered":"<p>Three-layer cardboard comes in \u2013 \u201cE\u201d, \u201cB\u201d, \u201cC\u201d \u2013 brown or white.<br \/>\n\u201cE\u201c \u2013 three-layer micro-corrugated cardboard of approximately 1.5 mm thickness<br \/>\n\u201cB\u201c \u2013 three-layer cardboard of approximately 3 mm thickness<br \/>\n\u201cC\u201c \u2013 three-layer cardboard of approximately 4 mm thickness<\/p>\n","protected":false},"excerpt":{"rendered":"<p>Cardboard boxes ensure safe transportation and storage of products.<\/p>\n<p>We have a large assortment of ready-made corrugated cardboard boxes, cardboard sheets, cardboard corners, and cardboard inserts in stock.<\/p>\n<p>The boxes are made from three-layer cardboard.<\/p>\n<p><strong>Three-layer cardboard comes in<\/strong> \u2013 \u201cE\u201d, \u201cB\u201d, \u201cC\u201d \u2013 brown or white.<\/p>\n<p>\u201cE\u201c \u2013 three-layer micro-corrugated cardboard of approximately 1.5 mm thickness<\/p>\n<p>\u201cB\u201c \u2013 three-layer cardboard of approximately 3 mm thickness<\/p>\n<p>\u201cC\u201c \u2013 three-layer cardboard of approximately 4 mm thickness<\/p>\n<p>Select a box of suitable dimensions from our catalogue of available boxes &#8211; table below.<br \/>If you cannot find suitable dimensions, please submit an order for a box making \u201c<strong><a href=\"https:\/\/www.sibo-pakuotes.lt\/en\/ask-for-production\/\">here<\/a><\/strong>\u201d.<\/p>\n<p>We will produce boxes according to your dimensions \u2013 quickly and high-quality \u2013 Your desired quantity.<\/p>\n<p>The table indicates the internal dimensions of the boxes, and with the addition \u201c*\u201d \u2013 the external dimensions of the boxes.<\/p>\n<p>The price is indicated and the minimum purchase quantity is from 25 pcs.The price is indicated and the minimum purchase quantity is 25 units.<\/p>\n<p>Model of the boxes FEFCO 0201.<\/p>\n<p>&nbsp;<\/p>\n","protected":false},"featured_media":3084,"template":"","meta":[],"product_brand":[],"product_cat":[85],"product_tag":[],"class_list":{"0":"post-3467","1":"product","2":"type-product","3":"status-publish","4":"has-post-thumbnail","6":"product_cat-cardboard-boxes","8":"first","9":"instock","10":"taxable","11":"shipping-taxable","12":"purchasable","13":"product-type-variable"},"yoast_head":"<!-- This site is optimized with the Yoast SEO plugin v25.1 - https:\/\/yoast.com\/wordpress\/plugins\/seo\/ -->\n<title>3-layer boxes - Sibo pakuot\u0117s<\/title>\n<meta name=\"robots\" content=\"index, follow, max-snippet:-1, max-image-preview:large, max-video-preview:-1\" \/>\n<link rel=\"canonical\" href=\"https:\/\/www.sibo-pakuotes.lt\/en\/product\/3-layers-box\/\" \/>\n<meta property=\"og:locale\" content=\"en_US\" \/>\n<meta property=\"og:type\" content=\"article\" \/>\n<meta property=\"og:title\" content=\"3-layer boxes - Sibo pakuot\u0117s\" \/>\n<meta property=\"og:description\" content=\"Cardboard boxes ensure safe transportation and storage of products. We have a large assortment of ready-made corrugated cardboard boxes, cardboard sheets, cardboard corners, and cardboard inserts in stock. The boxes are made from three-layer cardboard. Three-layer cardboard comes in \u2013 \u201cE\u201d, \u201cB\u201d, \u201cC\u201d \u2013 brown or white. \u201cE\u201c \u2013 three-layer micro-corrugated cardboard of approximately 1.5 mm thickness \u201cB\u201c \u2013 three-layer cardboard of approximately 3 mm thickness \u201cC\u201c \u2013 three-layer cardboard of approximately 4 mm thickness Select a box of suitable dimensions from our catalogue of available boxes - table below.If you cannot find suitable dimensions, please submit an order for a box making \u201chere\u201d. We will produce boxes according to your dimensions \u2013 quickly and high-quality \u2013 Your desired quantity. The table indicates the internal dimensions of the boxes, and with the addition \u201c*\u201d \u2013 the external dimensions of the boxes. The price is indicated and the minimum purchase quantity is from 25 pcs.The price is indicated and the minimum purchase quantity is 25 units. Model of the boxes FEFCO 0201. &nbsp;\" \/>\n<meta property=\"og:url\" content=\"https:\/\/www.sibo-pakuotes.lt\/en\/product\/3-layers-box\/\" \/>\n<meta property=\"og:site_name\" content=\"Sibo pakuot\u0117s\" \/>\n<meta property=\"article:modified_time\" content=\"2025-06-03T12:23:29+00:00\" \/>\n<meta property=\"og:image\" content=\"https:\/\/www.sibo-pakuotes.lt\/wp-content\/uploads\/2017\/08\/3ckjb.jpg\" \/>\n\t<meta property=\"og:image:width\" content=\"360\" \/>\n\t<meta property=\"og:image:height\" content=\"400\" \/>\n\t<meta property=\"og:image:type\" content=\"image\/jpeg\" \/>\n<meta name=\"twitter:card\" content=\"summary_large_image\" \/>\n<meta name=\"twitter:label1\" content=\"Est. reading time\" \/>\n\t<meta name=\"twitter:data1\" content=\"1 minute\" \/>\n<script type=\"application\/ld+json\" class=\"yoast-schema-graph\">{\"@context\":\"https:\/\/schema.org\",\"@graph\":[{\"@type\":\"WebPage\",\"@id\":\"https:\/\/www.sibo-pakuotes.lt\/en\/product\/3-layers-box\/\",\"url\":\"https:\/\/www.sibo-pakuotes.lt\/en\/product\/3-layers-box\/\",\"name\":\"3-layer boxes - Sibo pakuot\u0117s\",\"isPartOf\":{\"@id\":\"https:\/\/www.sibo-pakuotes.lt\/en\/#website\"},\"primaryImageOfPage\":{\"@id\":\"https:\/\/www.sibo-pakuotes.lt\/en\/product\/3-layers-box\/#primaryimage\"},\"image\":{\"@id\":\"https:\/\/www.sibo-pakuotes.lt\/en\/product\/3-layers-box\/#primaryimage\"},\"thumbnailUrl\":\"https:\/\/www.sibo-pakuotes.lt\/wp-content\/uploads\/2017\/08\/3ckjb.jpg\",\"datePublished\":\"2017-08-09T12:33:36+00:00\",\"dateModified\":\"2025-06-03T12:23:29+00:00\",\"breadcrumb\":{\"@id\":\"https:\/\/www.sibo-pakuotes.lt\/en\/product\/3-layers-box\/#breadcrumb\"},\"inLanguage\":\"en-US\",\"potentialAction\":[{\"@type\":\"ReadAction\",\"target\":[\"https:\/\/www.sibo-pakuotes.lt\/en\/product\/3-layers-box\/\"]}]},{\"@type\":\"ImageObject\",\"inLanguage\":\"en-US\",\"@id\":\"https:\/\/www.sibo-pakuotes.lt\/en\/product\/3-layers-box\/#primaryimage\",\"url\":\"https:\/\/www.sibo-pakuotes.lt\/wp-content\/uploads\/2017\/08\/3ckjb.jpg\",\"contentUrl\":\"https:\/\/www.sibo-pakuotes.lt\/wp-content\/uploads\/2017\/08\/3ckjb.jpg\",\"width\":360,\"height\":400},{\"@type\":\"BreadcrumbList\",\"@id\":\"https:\/\/www.sibo-pakuotes.lt\/en\/product\/3-layers-box\/#breadcrumb\",\"itemListElement\":[{\"@type\":\"ListItem\",\"position\":1,\"name\":\"Home\",\"item\":\"https:\/\/www.sibo-pakuotes.lt\/en\/\"},{\"@type\":\"ListItem\",\"position\":2,\"name\":\"Shop\",\"item\":\"https:\/\/www.sibo-pakuotes.lt\/en\/shop\/\"},{\"@type\":\"ListItem\",\"position\":3,\"name\":\"3-layer boxes\"}]},{\"@type\":\"WebSite\",\"@id\":\"https:\/\/www.sibo-pakuotes.lt\/en\/#website\",\"url\":\"https:\/\/www.sibo-pakuotes.lt\/en\/\",\"name\":\"Sibo pakuot\u0117s\",\"description\":\"Kartonini\u0173 d\u0117\u017ei\u0173 gamyba\",\"publisher\":{\"@id\":\"https:\/\/www.sibo-pakuotes.lt\/en\/#organization\"},\"potentialAction\":[{\"@type\":\"SearchAction\",\"target\":{\"@type\":\"EntryPoint\",\"urlTemplate\":\"https:\/\/www.sibo-pakuotes.lt\/en\/?s={search_term_string}\"},\"query-input\":{\"@type\":\"PropertyValueSpecification\",\"valueRequired\":true,\"valueName\":\"search_term_string\"}}],\"inLanguage\":\"en-US\"},{\"@type\":\"Organization\",\"@id\":\"https:\/\/www.sibo-pakuotes.lt\/en\/#organization\",\"name\":\"Sibo pakuot\u0117s\",\"url\":\"https:\/\/www.sibo-pakuotes.lt\/en\/\",\"logo\":{\"@type\":\"ImageObject\",\"inLanguage\":\"en-US\",\"@id\":\"https:\/\/www.sibo-pakuotes.lt\/en\/#\/schema\/logo\/image\/\",\"url\":\"https:\/\/www.sibo-pakuotes.lt\/wp-content\/uploads\/2017\/09\/cropped-SIBO-liet-logo.gif\",\"contentUrl\":\"https:\/\/www.sibo-pakuotes.lt\/wp-content\/uploads\/2017\/09\/cropped-SIBO-liet-logo.gif\",\"width\":248,\"height\":248,\"caption\":\"Sibo pakuot\u0117s\"},\"image\":{\"@id\":\"https:\/\/www.sibo-pakuotes.lt\/en\/#\/schema\/logo\/image\/\"}}]}<\/script>\n<!-- \/ Yoast SEO plugin. -->","yoast_head_json":{"title":"3-layer boxes - Sibo pakuot\u0117s","robots":{"index":"index","follow":"follow","max-snippet":"max-snippet:-1","max-image-preview":"max-image-preview:large","max-video-preview":"max-video-preview:-1"},"canonical":"https:\/\/www.sibo-pakuotes.lt\/en\/product\/3-layers-box\/","og_locale":"en_US","og_type":"article","og_title":"3-layer boxes - Sibo pakuot\u0117s","og_description":"Cardboard boxes ensure safe transportation and storage of products. We have a large assortment of ready-made corrugated cardboard boxes, cardboard sheets, cardboard corners, and cardboard inserts in stock. The boxes are made from three-layer cardboard. Three-layer cardboard comes in \u2013 \u201cE\u201d, \u201cB\u201d, \u201cC\u201d \u2013 brown or white. \u201cE\u201c \u2013 three-layer micro-corrugated cardboard of approximately 1.5 mm thickness \u201cB\u201c \u2013 three-layer cardboard of approximately 3 mm thickness \u201cC\u201c \u2013 three-layer cardboard of approximately 4 mm thickness Select a box of suitable dimensions from our catalogue of available boxes - table below.If you cannot find suitable dimensions, please submit an order for a box making \u201chere\u201d. We will produce boxes according to your dimensions \u2013 quickly and high-quality \u2013 Your desired quantity. The table indicates the internal dimensions of the boxes, and with the addition \u201c*\u201d \u2013 the external dimensions of the boxes. The price is indicated and the minimum purchase quantity is from 25 pcs.The price is indicated and the minimum purchase quantity is 25 units. Model of the boxes FEFCO 0201. &nbsp;","og_url":"https:\/\/www.sibo-pakuotes.lt\/en\/product\/3-layers-box\/","og_site_name":"Sibo pakuot\u0117s","article_modified_time":"2025-06-03T12:23:29+00:00","og_image":[{"width":360,"height":400,"url":"https:\/\/www.sibo-pakuotes.lt\/wp-content\/uploads\/2017\/08\/3ckjb.jpg","type":"image\/jpeg"}],"twitter_card":"summary_large_image","twitter_misc":{"Est. reading time":"1 minute"},"schema":{"@context":"https:\/\/schema.org","@graph":[{"@type":"WebPage","@id":"https:\/\/www.sibo-pakuotes.lt\/en\/product\/3-layers-box\/","url":"https:\/\/www.sibo-pakuotes.lt\/en\/product\/3-layers-box\/","name":"3-layer boxes - Sibo pakuot\u0117s","isPartOf":{"@id":"https:\/\/www.sibo-pakuotes.lt\/en\/#website"},"primaryImageOfPage":{"@id":"https:\/\/www.sibo-pakuotes.lt\/en\/product\/3-layers-box\/#primaryimage"},"image":{"@id":"https:\/\/www.sibo-pakuotes.lt\/en\/product\/3-layers-box\/#primaryimage"},"thumbnailUrl":"https:\/\/www.sibo-pakuotes.lt\/wp-content\/uploads\/2017\/08\/3ckjb.jpg","datePublished":"2017-08-09T12:33:36+00:00","dateModified":"2025-06-03T12:23:29+00:00","breadcrumb":{"@id":"https:\/\/www.sibo-pakuotes.lt\/en\/product\/3-layers-box\/#breadcrumb"},"inLanguage":"en-US","potentialAction":[{"@type":"ReadAction","target":["https:\/\/www.sibo-pakuotes.lt\/en\/product\/3-layers-box\/"]}]},{"@type":"ImageObject","inLanguage":"en-US","@id":"https:\/\/www.sibo-pakuotes.lt\/en\/product\/3-layers-box\/#primaryimage","url":"https:\/\/www.sibo-pakuotes.lt\/wp-content\/uploads\/2017\/08\/3ckjb.jpg","contentUrl":"https:\/\/www.sibo-pakuotes.lt\/wp-content\/uploads\/2017\/08\/3ckjb.jpg","width":360,"height":400},{"@type":"BreadcrumbList","@id":"https:\/\/www.sibo-pakuotes.lt\/en\/product\/3-layers-box\/#breadcrumb","itemListElement":[{"@type":"ListItem","position":1,"name":"Home","item":"https:\/\/www.sibo-pakuotes.lt\/en\/"},{"@type":"ListItem","position":2,"name":"Shop","item":"https:\/\/www.sibo-pakuotes.lt\/en\/shop\/"},{"@type":"ListItem","position":3,"name":"3-layer boxes"}]},{"@type":"WebSite","@id":"https:\/\/www.sibo-pakuotes.lt\/en\/#website","url":"https:\/\/www.sibo-pakuotes.lt\/en\/","name":"Sibo pakuot\u0117s","description":"Kartonini\u0173 d\u0117\u017ei\u0173 gamyba","publisher":{"@id":"https:\/\/www.sibo-pakuotes.lt\/en\/#organization"},"potentialAction":[{"@type":"SearchAction","target":{"@type":"EntryPoint","urlTemplate":"https:\/\/www.sibo-pakuotes.lt\/en\/?s={search_term_string}"},"query-input":{"@type":"PropertyValueSpecification","valueRequired":true,"valueName":"search_term_string"}}],"inLanguage":"en-US"},{"@type":"Organization","@id":"https:\/\/www.sibo-pakuotes.lt\/en\/#organization","name":"Sibo pakuot\u0117s","url":"https:\/\/www.sibo-pakuotes.lt\/en\/","logo":{"@type":"ImageObject","inLanguage":"en-US","@id":"https:\/\/www.sibo-pakuotes.lt\/en\/#\/schema\/logo\/image\/","url":"https:\/\/www.sibo-pakuotes.lt\/wp-content\/uploads\/2017\/09\/cropped-SIBO-liet-logo.gif","contentUrl":"https:\/\/www.sibo-pakuotes.lt\/wp-content\/uploads\/2017\/09\/cropped-SIBO-liet-logo.gif","width":248,"height":248,"caption":"Sibo pakuot\u0117s"},"image":{"@id":"https:\/\/www.sibo-pakuotes.lt\/en\/#\/schema\/logo\/image\/"}}]}},"_links":{"self":[{"href":"https:\/\/www.sibo-pakuotes.lt\/en\/wp-json\/wp\/v2\/product\/3467","targetHints":{"allow":["GET"]}}],"collection":[{"href":"https:\/\/www.sibo-pakuotes.lt\/en\/wp-json\/wp\/v2\/product"}],"about":[{"href":"https:\/\/www.sibo-pakuotes.lt\/en\/wp-json\/wp\/v2\/types\/product"}],"wp:featuredmedia":[{"embeddable":true,"href":"https:\/\/www.sibo-pakuotes.lt\/en\/wp-json\/wp\/v2\/media\/3084"}],"wp:attachment":[{"href":"https:\/\/www.sibo-pakuotes.lt\/en\/wp-json\/wp\/v2\/media?parent=3467"}],"wp:term":[{"taxonomy":"product_brand","embeddable":true,"href":"https:\/\/www.sibo-pakuotes.lt\/en\/wp-json\/wp\/v2\/product_brand?post=3467"},{"taxonomy":"product_cat","embeddable":true,"href":"https:\/\/www.sibo-pakuotes.lt\/en\/wp-json\/wp\/v2\/product_cat?post=3467"},{"taxonomy":"product_tag","embeddable":true,"href":"https:\/\/www.sibo-pakuotes.lt\/en\/wp-json\/wp\/v2\/product_tag?post=3467"}],"curies":[{"name":"wp","href":"https:\/\/api.w.org\/{rel}","templated":true}]}}