{"id":3397,"date":"2025-04-06T08:53:42","date_gmt":"2025-04-06T05:53:42","guid":{"rendered":"https:\/\/www.sibo-pakuotes.lt\/custom-production\/"},"modified":"2025-05-15T20:37:15","modified_gmt":"2025-05-15T17:37:15","slug":"custom-production","status":"publish","type":"page","link":"https:\/\/www.sibo-pakuotes.lt\/en\/custom-production\/","title":{"rendered":"Individual production"},"content":{"rendered":"<div class=\"wp-block-columns is-layout-flex wp-container-core-columns-is-layout-28f84493 wp-block-columns-is-layout-flex\"><div class=\"wp-block-column is-layout-flow wp-block-column-is-layout-flow\" style=\"flex-basis:50%\"><div class=\"wp-block-group has-global-padding is-layout-constrained wp-block-group-is-layout-constrained\"><p><strong>We produce cardboard boxes according to customer dimensions &#8211; and we do the printing.<\/strong><\/p>\n\n<p><strong>We can produce boxes<\/strong> \u2013 <strong>without cutting form<\/strong> \u2013 dimensions and quantity You will specify, &#8211; model according to the FEFCO catalog: 0201 , 0202 , 0203 , 0300 , 0409 , 0410 and others.<\/p>\n\n<p><strong>We can produce <\/strong>&#8211; gift boxes &#8211; dimensions and quantity You will specify, &#8211; model according to the FEFCO catalog: F0427 , F0429 , F0215 , F0217 and others.<\/p>\n\n<p>We can make boxes also from &#8211; white cardboard.<\/p>\n\n<p>We can produce from &#8211; 3 or 5 layers of standard , or stronger cardboard.<\/p>\n\n<p>from 3 layers &#8211; ,,E\u201d, ,,B\u201d, ,,C\u201d cardboard and from 5 layers &#8211; \u201eBE\u201c, ,,BC\u201d cardboard.<\/p>\n\n<p>We can make boxes &#8211; and with printing.<\/p>\n\n<p>Please use \u201c<strong><a href=\"https:\/\/www.sibo-pakuotes.lt\/en\/ask-for-production\/\" target=\"_blank\" rel=\"noreferrer noopener\">ENQUIRY FOR MANUFACTURE<\/a><\/strong>\u201d<\/p><\/div><\/div>\n\n<div class=\"wp-block-column is-layout-flow wp-block-column-is-layout-flow\" style=\"flex-basis:50%\"><figure class=\"wp-block-image size-full\"><img loading=\"lazy\" decoding=\"async\" width=\"800\" height=\"600\" src=\"https:\/\/www.sibo-pakuotes.lt\/wp-content\/uploads\/2025\/04\/individuali-gamyba.jpg\" alt=\"\" class=\"wp-image-2719\" srcset=\"https:\/\/www.sibo-pakuotes.lt\/wp-content\/uploads\/2025\/04\/individuali-gamyba.jpg 800w, https:\/\/www.sibo-pakuotes.lt\/wp-content\/uploads\/2025\/04\/individuali-gamyba-600x450.jpg 600w, https:\/\/www.sibo-pakuotes.lt\/wp-content\/uploads\/2025\/04\/individuali-gamyba-300x225.jpg 300w, https:\/\/www.sibo-pakuotes.lt\/wp-content\/uploads\/2025\/04\/individuali-gamyba-768x576.jpg 768w\" sizes=\"auto, (max-width: 800px) 100vw, 800px\" \/><\/figure><\/div><\/div>","protected":false},"excerpt":{"rendered":"<p>We produce cardboard boxes according to customer dimensions &#8211; and we do the printing. We can produce boxes \u2013 without cutting form \u2013 dimensions and quantity You will specify, &#8211; model according to the FEFCO catalog: 0201 , 0202 , 0203 , 0300 , 0409 , 0410 and others. We can produce &#8211; gift boxes [&hellip;]<\/p>\n","protected":false},"author":2,"featured_media":0,"parent":0,"menu_order":0,"comment_status":"closed","ping_status":"closed","template":"","meta":{"footnotes":""},"class_list":["post-3397","page","type-page","status-publish","hentry"],"yoast_head":"<!-- This site is optimized with the Yoast SEO plugin v25.1 - https:\/\/yoast.com\/wordpress\/plugins\/seo\/ -->\n<title>Individual production - Sibo pakuot\u0117s<\/title>\n<meta name=\"robots\" content=\"index, follow, max-snippet:-1, max-image-preview:large, max-video-preview:-1\" \/>\n<link rel=\"canonical\" href=\"https:\/\/www.sibo-pakuotes.lt\/en\/custom-production\/\" \/>\n<meta property=\"og:locale\" content=\"en_US\" \/>\n<meta property=\"og:type\" content=\"article\" \/>\n<meta property=\"og:title\" content=\"Individual production - Sibo pakuot\u0117s\" \/>\n<meta property=\"og:description\" content=\"We produce cardboard boxes according to customer dimensions &#8211; and we do the printing. We can produce boxes \u2013 without cutting form \u2013 dimensions and quantity You will specify, &#8211; model according to the FEFCO catalog: 0201 , 0202 , 0203 , 0300 , 0409 , 0410 and others. We can produce &#8211; gift boxes [&hellip;]\" \/>\n<meta property=\"og:url\" content=\"https:\/\/www.sibo-pakuotes.lt\/en\/custom-production\/\" \/>\n<meta property=\"og:site_name\" content=\"Sibo pakuot\u0117s\" \/>\n<meta property=\"article:modified_time\" content=\"2025-05-15T17:37:15+00:00\" \/>\n<meta property=\"og:image\" content=\"https:\/\/www.sibo-pakuotes.lt\/wp-content\/uploads\/2025\/04\/individuali-gamyba.jpg\" \/>\n\t<meta property=\"og:image:width\" content=\"800\" \/>\n\t<meta property=\"og:image:height\" content=\"600\" \/>\n\t<meta property=\"og:image:type\" content=\"image\/jpeg\" \/>\n<meta name=\"twitter:card\" content=\"summary_large_image\" \/>\n<meta name=\"twitter:label1\" content=\"Est. reading time\" \/>\n\t<meta name=\"twitter:data1\" content=\"1 minute\" \/>\n<script type=\"application\/ld+json\" class=\"yoast-schema-graph\">{\"@context\":\"https:\/\/schema.org\",\"@graph\":[{\"@type\":\"WebPage\",\"@id\":\"https:\/\/www.sibo-pakuotes.lt\/en\/custom-production\/\",\"url\":\"https:\/\/www.sibo-pakuotes.lt\/en\/custom-production\/\",\"name\":\"Individual production - Sibo pakuot\u0117s\",\"isPartOf\":{\"@id\":\"https:\/\/www.sibo-pakuotes.lt\/en\/#website\"},\"primaryImageOfPage\":{\"@id\":\"https:\/\/www.sibo-pakuotes.lt\/en\/custom-production\/#primaryimage\"},\"image\":{\"@id\":\"https:\/\/www.sibo-pakuotes.lt\/en\/custom-production\/#primaryimage\"},\"thumbnailUrl\":\"https:\/\/www.sibo-pakuotes.lt\/wp-content\/uploads\/2025\/04\/individuali-gamyba.jpg\",\"datePublished\":\"2025-04-06T05:53:42+00:00\",\"dateModified\":\"2025-05-15T17:37:15+00:00\",\"breadcrumb\":{\"@id\":\"https:\/\/www.sibo-pakuotes.lt\/en\/custom-production\/#breadcrumb\"},\"inLanguage\":\"en-US\",\"potentialAction\":[{\"@type\":\"ReadAction\",\"target\":[\"https:\/\/www.sibo-pakuotes.lt\/en\/custom-production\/\"]}]},{\"@type\":\"ImageObject\",\"inLanguage\":\"en-US\",\"@id\":\"https:\/\/www.sibo-pakuotes.lt\/en\/custom-production\/#primaryimage\",\"url\":\"https:\/\/www.sibo-pakuotes.lt\/wp-content\/uploads\/2025\/04\/individuali-gamyba.jpg\",\"contentUrl\":\"https:\/\/www.sibo-pakuotes.lt\/wp-content\/uploads\/2025\/04\/individuali-gamyba.jpg\"},{\"@type\":\"BreadcrumbList\",\"@id\":\"https:\/\/www.sibo-pakuotes.lt\/en\/custom-production\/#breadcrumb\",\"itemListElement\":[{\"@type\":\"ListItem\",\"position\":1,\"name\":\"Home\",\"item\":\"https:\/\/www.sibo-pakuotes.lt\/en\/\"},{\"@type\":\"ListItem\",\"position\":2,\"name\":\"Individual production\"}]},{\"@type\":\"WebSite\",\"@id\":\"https:\/\/www.sibo-pakuotes.lt\/en\/#website\",\"url\":\"https:\/\/www.sibo-pakuotes.lt\/en\/\",\"name\":\"Sibo pakuot\u0117s\",\"description\":\"Kartonini\u0173 d\u0117\u017ei\u0173 gamyba\",\"publisher\":{\"@id\":\"https:\/\/www.sibo-pakuotes.lt\/en\/#organization\"},\"potentialAction\":[{\"@type\":\"SearchAction\",\"target\":{\"@type\":\"EntryPoint\",\"urlTemplate\":\"https:\/\/www.sibo-pakuotes.lt\/en\/?s={search_term_string}\"},\"query-input\":{\"@type\":\"PropertyValueSpecification\",\"valueRequired\":true,\"valueName\":\"search_term_string\"}}],\"inLanguage\":\"en-US\"},{\"@type\":\"Organization\",\"@id\":\"https:\/\/www.sibo-pakuotes.lt\/en\/#organization\",\"name\":\"Sibo pakuot\u0117s\",\"url\":\"https:\/\/www.sibo-pakuotes.lt\/en\/\",\"logo\":{\"@type\":\"ImageObject\",\"inLanguage\":\"en-US\",\"@id\":\"https:\/\/www.sibo-pakuotes.lt\/en\/#\/schema\/logo\/image\/\",\"url\":\"https:\/\/www.sibo-pakuotes.lt\/wp-content\/uploads\/2017\/09\/cropped-SIBO-liet-logo.gif\",\"contentUrl\":\"https:\/\/www.sibo-pakuotes.lt\/wp-content\/uploads\/2017\/09\/cropped-SIBO-liet-logo.gif\",\"width\":248,\"height\":248,\"caption\":\"Sibo pakuot\u0117s\"},\"image\":{\"@id\":\"https:\/\/www.sibo-pakuotes.lt\/en\/#\/schema\/logo\/image\/\"}}]}<\/script>\n<!-- \/ Yoast SEO plugin. -->","yoast_head_json":{"title":"Individual production - Sibo pakuot\u0117s","robots":{"index":"index","follow":"follow","max-snippet":"max-snippet:-1","max-image-preview":"max-image-preview:large","max-video-preview":"max-video-preview:-1"},"canonical":"https:\/\/www.sibo-pakuotes.lt\/en\/custom-production\/","og_locale":"en_US","og_type":"article","og_title":"Individual production - Sibo pakuot\u0117s","og_description":"We produce cardboard boxes according to customer dimensions &#8211; and we do the printing. We can produce boxes \u2013 without cutting form \u2013 dimensions and quantity You will specify, &#8211; model according to the FEFCO catalog: 0201 , 0202 , 0203 , 0300 , 0409 , 0410 and others. We can produce &#8211; gift boxes [&hellip;]","og_url":"https:\/\/www.sibo-pakuotes.lt\/en\/custom-production\/","og_site_name":"Sibo pakuot\u0117s","article_modified_time":"2025-05-15T17:37:15+00:00","og_image":[{"width":800,"height":600,"url":"https:\/\/www.sibo-pakuotes.lt\/wp-content\/uploads\/2025\/04\/individuali-gamyba.jpg","type":"image\/jpeg"}],"twitter_card":"summary_large_image","twitter_misc":{"Est. reading time":"1 minute"},"schema":{"@context":"https:\/\/schema.org","@graph":[{"@type":"WebPage","@id":"https:\/\/www.sibo-pakuotes.lt\/en\/custom-production\/","url":"https:\/\/www.sibo-pakuotes.lt\/en\/custom-production\/","name":"Individual production - Sibo pakuot\u0117s","isPartOf":{"@id":"https:\/\/www.sibo-pakuotes.lt\/en\/#website"},"primaryImageOfPage":{"@id":"https:\/\/www.sibo-pakuotes.lt\/en\/custom-production\/#primaryimage"},"image":{"@id":"https:\/\/www.sibo-pakuotes.lt\/en\/custom-production\/#primaryimage"},"thumbnailUrl":"https:\/\/www.sibo-pakuotes.lt\/wp-content\/uploads\/2025\/04\/individuali-gamyba.jpg","datePublished":"2025-04-06T05:53:42+00:00","dateModified":"2025-05-15T17:37:15+00:00","breadcrumb":{"@id":"https:\/\/www.sibo-pakuotes.lt\/en\/custom-production\/#breadcrumb"},"inLanguage":"en-US","potentialAction":[{"@type":"ReadAction","target":["https:\/\/www.sibo-pakuotes.lt\/en\/custom-production\/"]}]},{"@type":"ImageObject","inLanguage":"en-US","@id":"https:\/\/www.sibo-pakuotes.lt\/en\/custom-production\/#primaryimage","url":"https:\/\/www.sibo-pakuotes.lt\/wp-content\/uploads\/2025\/04\/individuali-gamyba.jpg","contentUrl":"https:\/\/www.sibo-pakuotes.lt\/wp-content\/uploads\/2025\/04\/individuali-gamyba.jpg"},{"@type":"BreadcrumbList","@id":"https:\/\/www.sibo-pakuotes.lt\/en\/custom-production\/#breadcrumb","itemListElement":[{"@type":"ListItem","position":1,"name":"Home","item":"https:\/\/www.sibo-pakuotes.lt\/en\/"},{"@type":"ListItem","position":2,"name":"Individual production"}]},{"@type":"WebSite","@id":"https:\/\/www.sibo-pakuotes.lt\/en\/#website","url":"https:\/\/www.sibo-pakuotes.lt\/en\/","name":"Sibo pakuot\u0117s","description":"Kartonini\u0173 d\u0117\u017ei\u0173 gamyba","publisher":{"@id":"https:\/\/www.sibo-pakuotes.lt\/en\/#organization"},"potentialAction":[{"@type":"SearchAction","target":{"@type":"EntryPoint","urlTemplate":"https:\/\/www.sibo-pakuotes.lt\/en\/?s={search_term_string}"},"query-input":{"@type":"PropertyValueSpecification","valueRequired":true,"valueName":"search_term_string"}}],"inLanguage":"en-US"},{"@type":"Organization","@id":"https:\/\/www.sibo-pakuotes.lt\/en\/#organization","name":"Sibo pakuot\u0117s","url":"https:\/\/www.sibo-pakuotes.lt\/en\/","logo":{"@type":"ImageObject","inLanguage":"en-US","@id":"https:\/\/www.sibo-pakuotes.lt\/en\/#\/schema\/logo\/image\/","url":"https:\/\/www.sibo-pakuotes.lt\/wp-content\/uploads\/2017\/09\/cropped-SIBO-liet-logo.gif","contentUrl":"https:\/\/www.sibo-pakuotes.lt\/wp-content\/uploads\/2017\/09\/cropped-SIBO-liet-logo.gif","width":248,"height":248,"caption":"Sibo pakuot\u0117s"},"image":{"@id":"https:\/\/www.sibo-pakuotes.lt\/en\/#\/schema\/logo\/image\/"}}]}},"_links":{"self":[{"href":"https:\/\/www.sibo-pakuotes.lt\/en\/wp-json\/wp\/v2\/pages\/3397","targetHints":{"allow":["GET"]}}],"collection":[{"href":"https:\/\/www.sibo-pakuotes.lt\/en\/wp-json\/wp\/v2\/pages"}],"about":[{"href":"https:\/\/www.sibo-pakuotes.lt\/en\/wp-json\/wp\/v2\/types\/page"}],"author":[{"embeddable":true,"href":"https:\/\/www.sibo-pakuotes.lt\/en\/wp-json\/wp\/v2\/users\/2"}],"replies":[{"embeddable":true,"href":"https:\/\/www.sibo-pakuotes.lt\/en\/wp-json\/wp\/v2\/comments?post=3397"}],"version-history":[{"count":3,"href":"https:\/\/www.sibo-pakuotes.lt\/en\/wp-json\/wp\/v2\/pages\/3397\/revisions"}],"predecessor-version":[{"id":3400,"href":"https:\/\/www.sibo-pakuotes.lt\/en\/wp-json\/wp\/v2\/pages\/3397\/revisions\/3400"}],"wp:attachment":[{"href":"https:\/\/www.sibo-pakuotes.lt\/en\/wp-json\/wp\/v2\/media?parent=3397"}],"curies":[{"name":"wp","href":"https:\/\/api.w.org\/{rel}","templated":true}]}}