{"id":3393,"date":"2017-09-27T12:25:26","date_gmt":"2017-09-27T09:25:26","guid":{"rendered":"https:\/\/www.sibo-pakuotes.lt\/dividers-grids-inserts\/"},"modified":"2025-05-15T20:27:06","modified_gmt":"2025-05-15T17:27:06","slug":"dividers-grids-inserts","status":"publish","type":"page","link":"https:\/\/www.sibo-pakuotes.lt\/en\/dividers-grids-inserts\/","title":{"rendered":"Dividers \/ grids, inserts"},"content":{"rendered":"<div class=\"wp-block-columns is-layout-flex wp-container-core-columns-is-layout-28f84493 wp-block-columns-is-layout-flex\"><div class=\"wp-block-column is-layout-flow wp-block-column-is-layout-flow\" style=\"flex-basis:50%\"><div class=\"wp-block-group is-layout-grid wp-container-core-group-is-layout-478b6e6b wp-block-group-is-layout-grid\"><figure class=\"wp-block-image\"><img loading=\"lazy\" decoding=\"async\" width=\"300\" height=\"212\" src=\"https:\/\/www.sibo-pakuotes.lt\/wp-content\/uploads\/2017\/09\/fefco-0933-300x212.jpg\" alt=\"\" class=\"wp-image-935\" srcset=\"https:\/\/www.sibo-pakuotes.lt\/wp-content\/uploads\/2017\/09\/fefco-0933-300x212.jpg 300w, https:\/\/www.sibo-pakuotes.lt\/wp-content\/uploads\/2017\/09\/fefco-0933.jpg 469w\" sizes=\"auto, (max-width: 300px) 100vw, 300px\" \/><\/figure>\n\n<figure class=\"wp-block-image\"><img loading=\"lazy\" decoding=\"async\" width=\"233\" height=\"156\" src=\"https:\/\/www.sibo-pakuotes.lt\/wp-content\/uploads\/2017\/09\/images-2.jpg\" alt=\"\" class=\"wp-image-945\"\/><\/figure>\n\n<figure class=\"wp-block-image size-full\"><img loading=\"lazy\" decoding=\"async\" width=\"346\" height=\"135\" src=\"https:\/\/www.sibo-pakuotes.lt\/wp-content\/uploads\/2025\/03\/F0951-1.jpg\" alt=\"\" class=\"wp-image-2707\" srcset=\"https:\/\/www.sibo-pakuotes.lt\/wp-content\/uploads\/2025\/03\/F0951-1.jpg 346w, https:\/\/www.sibo-pakuotes.lt\/wp-content\/uploads\/2025\/03\/F0951-1-300x117.jpg 300w\" sizes=\"auto, (max-width: 346px) 100vw, 346px\" \/><\/figure>\n\n<figure class=\"wp-block-image size-full\"><img loading=\"lazy\" decoding=\"async\" width=\"300\" height=\"90\" src=\"https:\/\/www.sibo-pakuotes.lt\/wp-content\/uploads\/2025\/03\/F0970-1.jpg\" alt=\"\" class=\"wp-image-2708\"\/><\/figure><\/div><\/div>\n\n<div class=\"wp-block-column is-layout-flow wp-block-column-is-layout-flow\" style=\"flex-basis:50%\"><div class=\"wp-block-group has-global-padding is-layout-constrained wp-block-group-is-layout-constrained\"><p><\/p>\n\n<p>We make dividers\/grids, partitions, decks, and inserts for packaging in various dimensions and constructions<\/p>\n\n<p>from 3-layer \u201cE\u201d, \u201cB\u201d, \u201cC\u201d and 5-layer \u201cBC\u201d, \u201cBE\u201d cardboard.<\/p>\n\n<p>Dividers in the box protect products reliably during transportation or storage, e.g., household chemicals, pharmaceuticals, food, and products from other industries. <\/p>\n\n<p>Please use \u201c<strong><a href=\"https:\/\/www.sibo-pakuotes.lt\/en\/ask-for-production\/\">ENQUIRY FOR MANUFACTURE<\/a><\/strong>\u201d <\/p><\/div><\/div><\/div>","protected":false},"excerpt":{"rendered":"<p>We make dividers\/grids, partitions, decks, and inserts for packaging in various dimensions and constructions from 3-layer \u201cE\u201d, \u201cB\u201d, \u201cC\u201d and 5-layer \u201cBC\u201d, \u201cBE\u201d cardboard. Dividers in the box protect products reliably during transportation or storage, e.g., household chemicals, pharmaceuticals, food, and products from other industries. Please use \u201cENQUIRY FOR MANUFACTURE\u201d<\/p>\n","protected":false},"author":2,"featured_media":0,"parent":0,"menu_order":0,"comment_status":"closed","ping_status":"closed","template":"","meta":{"footnotes":""},"class_list":["post-3393","page","type-page","status-publish","hentry"],"yoast_head":"<!-- This site is optimized with the Yoast SEO plugin v25.1 - https:\/\/yoast.com\/wordpress\/plugins\/seo\/ -->\n<title>Dividers \/ grids, inserts - Sibo pakuot\u0117s<\/title>\n<meta name=\"robots\" content=\"index, follow, max-snippet:-1, max-image-preview:large, max-video-preview:-1\" \/>\n<link rel=\"canonical\" href=\"https:\/\/www.sibo-pakuotes.lt\/en\/dividers-grids-inserts\/\" \/>\n<meta property=\"og:locale\" content=\"en_US\" \/>\n<meta property=\"og:type\" content=\"article\" \/>\n<meta property=\"og:title\" content=\"Dividers \/ grids, inserts - Sibo pakuot\u0117s\" \/>\n<meta property=\"og:description\" content=\"We make dividers\/grids, partitions, decks, and inserts for packaging in various dimensions and constructions from 3-layer \u201cE\u201d, \u201cB\u201d, \u201cC\u201d and 5-layer \u201cBC\u201d, \u201cBE\u201d cardboard. Dividers in the box protect products reliably during transportation or storage, e.g., household chemicals, pharmaceuticals, food, and products from other industries. Please use \u201cENQUIRY FOR MANUFACTURE\u201d\" \/>\n<meta property=\"og:url\" content=\"https:\/\/www.sibo-pakuotes.lt\/en\/dividers-grids-inserts\/\" \/>\n<meta property=\"og:site_name\" content=\"Sibo pakuot\u0117s\" \/>\n<meta property=\"article:modified_time\" content=\"2025-05-15T17:27:06+00:00\" \/>\n<meta property=\"og:image\" content=\"https:\/\/www.sibo-pakuotes.lt\/wp-content\/uploads\/2017\/09\/fefco-0933.jpg\" \/>\n\t<meta property=\"og:image:width\" content=\"469\" \/>\n\t<meta property=\"og:image:height\" content=\"331\" \/>\n\t<meta property=\"og:image:type\" content=\"image\/jpeg\" \/>\n<meta name=\"twitter:card\" content=\"summary_large_image\" \/>\n<script type=\"application\/ld+json\" class=\"yoast-schema-graph\">{\"@context\":\"https:\/\/schema.org\",\"@graph\":[{\"@type\":\"WebPage\",\"@id\":\"https:\/\/www.sibo-pakuotes.lt\/en\/dividers-grids-inserts\/\",\"url\":\"https:\/\/www.sibo-pakuotes.lt\/en\/dividers-grids-inserts\/\",\"name\":\"Dividers \/ grids, inserts - Sibo pakuot\u0117s\",\"isPartOf\":{\"@id\":\"https:\/\/www.sibo-pakuotes.lt\/en\/#website\"},\"primaryImageOfPage\":{\"@id\":\"https:\/\/www.sibo-pakuotes.lt\/en\/dividers-grids-inserts\/#primaryimage\"},\"image\":{\"@id\":\"https:\/\/www.sibo-pakuotes.lt\/en\/dividers-grids-inserts\/#primaryimage\"},\"thumbnailUrl\":\"https:\/\/www.sibo-pakuotes.lt\/wp-content\/uploads\/2017\/09\/fefco-0933-300x212.jpg\",\"datePublished\":\"2017-09-27T09:25:26+00:00\",\"dateModified\":\"2025-05-15T17:27:06+00:00\",\"breadcrumb\":{\"@id\":\"https:\/\/www.sibo-pakuotes.lt\/en\/dividers-grids-inserts\/#breadcrumb\"},\"inLanguage\":\"en-US\",\"potentialAction\":[{\"@type\":\"ReadAction\",\"target\":[\"https:\/\/www.sibo-pakuotes.lt\/en\/dividers-grids-inserts\/\"]}]},{\"@type\":\"ImageObject\",\"inLanguage\":\"en-US\",\"@id\":\"https:\/\/www.sibo-pakuotes.lt\/en\/dividers-grids-inserts\/#primaryimage\",\"url\":\"https:\/\/www.sibo-pakuotes.lt\/wp-content\/uploads\/2017\/09\/fefco-0933-300x212.jpg\",\"contentUrl\":\"https:\/\/www.sibo-pakuotes.lt\/wp-content\/uploads\/2017\/09\/fefco-0933-300x212.jpg\"},{\"@type\":\"BreadcrumbList\",\"@id\":\"https:\/\/www.sibo-pakuotes.lt\/en\/dividers-grids-inserts\/#breadcrumb\",\"itemListElement\":[{\"@type\":\"ListItem\",\"position\":1,\"name\":\"Home\",\"item\":\"https:\/\/www.sibo-pakuotes.lt\/en\/\"},{\"@type\":\"ListItem\",\"position\":2,\"name\":\"Dividers \/ grids, inserts\"}]},{\"@type\":\"WebSite\",\"@id\":\"https:\/\/www.sibo-pakuotes.lt\/en\/#website\",\"url\":\"https:\/\/www.sibo-pakuotes.lt\/en\/\",\"name\":\"Sibo pakuot\u0117s\",\"description\":\"Kartonini\u0173 d\u0117\u017ei\u0173 gamyba\",\"publisher\":{\"@id\":\"https:\/\/www.sibo-pakuotes.lt\/en\/#organization\"},\"potentialAction\":[{\"@type\":\"SearchAction\",\"target\":{\"@type\":\"EntryPoint\",\"urlTemplate\":\"https:\/\/www.sibo-pakuotes.lt\/en\/?s={search_term_string}\"},\"query-input\":{\"@type\":\"PropertyValueSpecification\",\"valueRequired\":true,\"valueName\":\"search_term_string\"}}],\"inLanguage\":\"en-US\"},{\"@type\":\"Organization\",\"@id\":\"https:\/\/www.sibo-pakuotes.lt\/en\/#organization\",\"name\":\"Sibo pakuot\u0117s\",\"url\":\"https:\/\/www.sibo-pakuotes.lt\/en\/\",\"logo\":{\"@type\":\"ImageObject\",\"inLanguage\":\"en-US\",\"@id\":\"https:\/\/www.sibo-pakuotes.lt\/en\/#\/schema\/logo\/image\/\",\"url\":\"https:\/\/www.sibo-pakuotes.lt\/wp-content\/uploads\/2017\/09\/cropped-SIBO-liet-logo.gif\",\"contentUrl\":\"https:\/\/www.sibo-pakuotes.lt\/wp-content\/uploads\/2017\/09\/cropped-SIBO-liet-logo.gif\",\"width\":248,\"height\":248,\"caption\":\"Sibo pakuot\u0117s\"},\"image\":{\"@id\":\"https:\/\/www.sibo-pakuotes.lt\/en\/#\/schema\/logo\/image\/\"}}]}<\/script>\n<!-- \/ Yoast SEO plugin. -->","yoast_head_json":{"title":"Dividers \/ grids, inserts - Sibo pakuot\u0117s","robots":{"index":"index","follow":"follow","max-snippet":"max-snippet:-1","max-image-preview":"max-image-preview:large","max-video-preview":"max-video-preview:-1"},"canonical":"https:\/\/www.sibo-pakuotes.lt\/en\/dividers-grids-inserts\/","og_locale":"en_US","og_type":"article","og_title":"Dividers \/ grids, inserts - Sibo pakuot\u0117s","og_description":"We make dividers\/grids, partitions, decks, and inserts for packaging in various dimensions and constructions from 3-layer \u201cE\u201d, \u201cB\u201d, \u201cC\u201d and 5-layer \u201cBC\u201d, \u201cBE\u201d cardboard. Dividers in the box protect products reliably during transportation or storage, e.g., household chemicals, pharmaceuticals, food, and products from other industries. Please use \u201cENQUIRY FOR MANUFACTURE\u201d","og_url":"https:\/\/www.sibo-pakuotes.lt\/en\/dividers-grids-inserts\/","og_site_name":"Sibo pakuot\u0117s","article_modified_time":"2025-05-15T17:27:06+00:00","og_image":[{"width":469,"height":331,"url":"https:\/\/www.sibo-pakuotes.lt\/wp-content\/uploads\/2017\/09\/fefco-0933.jpg","type":"image\/jpeg"}],"twitter_card":"summary_large_image","schema":{"@context":"https:\/\/schema.org","@graph":[{"@type":"WebPage","@id":"https:\/\/www.sibo-pakuotes.lt\/en\/dividers-grids-inserts\/","url":"https:\/\/www.sibo-pakuotes.lt\/en\/dividers-grids-inserts\/","name":"Dividers \/ grids, inserts - Sibo pakuot\u0117s","isPartOf":{"@id":"https:\/\/www.sibo-pakuotes.lt\/en\/#website"},"primaryImageOfPage":{"@id":"https:\/\/www.sibo-pakuotes.lt\/en\/dividers-grids-inserts\/#primaryimage"},"image":{"@id":"https:\/\/www.sibo-pakuotes.lt\/en\/dividers-grids-inserts\/#primaryimage"},"thumbnailUrl":"https:\/\/www.sibo-pakuotes.lt\/wp-content\/uploads\/2017\/09\/fefco-0933-300x212.jpg","datePublished":"2017-09-27T09:25:26+00:00","dateModified":"2025-05-15T17:27:06+00:00","breadcrumb":{"@id":"https:\/\/www.sibo-pakuotes.lt\/en\/dividers-grids-inserts\/#breadcrumb"},"inLanguage":"en-US","potentialAction":[{"@type":"ReadAction","target":["https:\/\/www.sibo-pakuotes.lt\/en\/dividers-grids-inserts\/"]}]},{"@type":"ImageObject","inLanguage":"en-US","@id":"https:\/\/www.sibo-pakuotes.lt\/en\/dividers-grids-inserts\/#primaryimage","url":"https:\/\/www.sibo-pakuotes.lt\/wp-content\/uploads\/2017\/09\/fefco-0933-300x212.jpg","contentUrl":"https:\/\/www.sibo-pakuotes.lt\/wp-content\/uploads\/2017\/09\/fefco-0933-300x212.jpg"},{"@type":"BreadcrumbList","@id":"https:\/\/www.sibo-pakuotes.lt\/en\/dividers-grids-inserts\/#breadcrumb","itemListElement":[{"@type":"ListItem","position":1,"name":"Home","item":"https:\/\/www.sibo-pakuotes.lt\/en\/"},{"@type":"ListItem","position":2,"name":"Dividers \/ grids, inserts"}]},{"@type":"WebSite","@id":"https:\/\/www.sibo-pakuotes.lt\/en\/#website","url":"https:\/\/www.sibo-pakuotes.lt\/en\/","name":"Sibo pakuot\u0117s","description":"Kartonini\u0173 d\u0117\u017ei\u0173 gamyba","publisher":{"@id":"https:\/\/www.sibo-pakuotes.lt\/en\/#organization"},"potentialAction":[{"@type":"SearchAction","target":{"@type":"EntryPoint","urlTemplate":"https:\/\/www.sibo-pakuotes.lt\/en\/?s={search_term_string}"},"query-input":{"@type":"PropertyValueSpecification","valueRequired":true,"valueName":"search_term_string"}}],"inLanguage":"en-US"},{"@type":"Organization","@id":"https:\/\/www.sibo-pakuotes.lt\/en\/#organization","name":"Sibo pakuot\u0117s","url":"https:\/\/www.sibo-pakuotes.lt\/en\/","logo":{"@type":"ImageObject","inLanguage":"en-US","@id":"https:\/\/www.sibo-pakuotes.lt\/en\/#\/schema\/logo\/image\/","url":"https:\/\/www.sibo-pakuotes.lt\/wp-content\/uploads\/2017\/09\/cropped-SIBO-liet-logo.gif","contentUrl":"https:\/\/www.sibo-pakuotes.lt\/wp-content\/uploads\/2017\/09\/cropped-SIBO-liet-logo.gif","width":248,"height":248,"caption":"Sibo pakuot\u0117s"},"image":{"@id":"https:\/\/www.sibo-pakuotes.lt\/en\/#\/schema\/logo\/image\/"}}]}},"_links":{"self":[{"href":"https:\/\/www.sibo-pakuotes.lt\/en\/wp-json\/wp\/v2\/pages\/3393","targetHints":{"allow":["GET"]}}],"collection":[{"href":"https:\/\/www.sibo-pakuotes.lt\/en\/wp-json\/wp\/v2\/pages"}],"about":[{"href":"https:\/\/www.sibo-pakuotes.lt\/en\/wp-json\/wp\/v2\/types\/page"}],"author":[{"embeddable":true,"href":"https:\/\/www.sibo-pakuotes.lt\/en\/wp-json\/wp\/v2\/users\/2"}],"replies":[{"embeddable":true,"href":"https:\/\/www.sibo-pakuotes.lt\/en\/wp-json\/wp\/v2\/comments?post=3393"}],"version-history":[{"count":1,"href":"https:\/\/www.sibo-pakuotes.lt\/en\/wp-json\/wp\/v2\/pages\/3393\/revisions"}],"predecessor-version":[{"id":3394,"href":"https:\/\/www.sibo-pakuotes.lt\/en\/wp-json\/wp\/v2\/pages\/3393\/revisions\/3394"}],"wp:attachment":[{"href":"https:\/\/www.sibo-pakuotes.lt\/en\/wp-json\/wp\/v2\/media?parent=3393"}],"curies":[{"name":"wp","href":"https:\/\/api.w.org\/{rel}","templated":true}]}}