{"id":3360,"date":"2017-07-29T20:24:22","date_gmt":"2017-07-29T17:24:22","guid":{"rendered":"https:\/\/www.sibo-pakuotes.lt\/contacts\/"},"modified":"2025-05-15T13:40:36","modified_gmt":"2025-05-15T10:40:36","slug":"contacts","status":"publish","type":"page","link":"https:\/\/www.sibo-pakuotes.lt\/en\/contacts\/","title":{"rendered":"Contacts"},"content":{"rendered":"<p><iframe src=\"https:\/\/www.google.com\/maps\/embed?pb=!1m18!1m12!1m3!1d2296.403986460117!2d25.475838777080217!3d54.860717060346786!2m3!1f0!2f0!3f0!3m2!1i1024!2i768!4f13.1!3m3!1m2!1s0x46dd9ecca3ead8a9%3A0x26b9faa5e76dfd0c!2sUAB%20Sibo%20pakuot%C4%97s!5e0!3m2!1slt!2slt!4v1742211044699!5m2!1slt!2slt\" width=\"100%\" height=\"450\" style=\"border:0;\" allowfullscreen=\"\" loading=\"lazy\" referrerpolicy=\"no-referrer-when-downgrade\"><\/iframe><\/p><p class=\"has-text-align-center\"><strong>JSC \u201eSIBO PAKUOT\u0116S\u201c<\/strong><\/p><p>Our warehouse has a large and diverse range of corrugated brown or white cardboard boxes and sheets. <br\/>If you cannot find the boxes you need, SIBO PAKUOT\u0116S will manufacture cardboard boxes according to your size and model. We offer competitive prices and prompt production. <br\/>Packaging boxes and corrugated cardboard &#8211; production according to your specified dimensions or can be purchased immediately from the warehouse assortment.<\/p><div class=\"wp-block-columns is-layout-flex wp-container-core-columns-is-layout-28f84493 wp-block-columns-is-layout-flex\"><div class=\"wp-block-column is-layout-flow wp-block-column-is-layout-flow\"><p><span style=\"font-weight: 400;\"><strong>Company code:<\/strong> 300970606<\/span><br\/><span style=\"font-weight: 400;\"><strong>VAT code :<\/strong> LT100003412019<\/span><br\/><strong>Manufacturing:<\/strong> <a href=\"https:\/\/maps.app.goo.gl\/PzzJG42iRaXgmdrG6\" data-type=\"link\" data-id=\"https:\/\/maps.app.goo.gl\/PzzJG42iRaXgmdrG6\" target=\"_blank\" rel=\"noreferrer noopener\">Piliakalnio st. 84A, Nemen\u010din\u0117, 15175 Vilniaus r. sav.  <\/a><\/p>\n\n<p><strong>Working hours: <\/strong>I-V 8:00-16:00<\/p><\/div>\n\n<div class=\"wp-block-column is-layout-flow wp-block-column-is-layout-flow\"><p><strong>Mobile: <\/strong><a href=\"tel:+37068549002\">+37068549002<\/a> &#8211; Darius<br\/><strong>Email: <\/strong><a href=\"mailto:dariusd@sibo-pakuotes.lt\">dariusd@sibo-pakuotes.lt<\/a><\/p><\/div>\n\n<div class=\"wp-block-column is-vertically-aligned-top is-layout-flow wp-block-column-is-layout-flow\"><p><strong>Mobile: <\/strong><a href=\"tel:+37067031069\">+37067031069<\/a> &#8211; Bo\u017eena<br\/><strong>Email: <\/strong><a href=\"mailto:bozena@sibo-pakuotes.lt\">bozena@sibo-pakuotes.lt<\/a><\/p><\/div><\/div>","protected":false},"excerpt":{"rendered":"<p>JSC \u201eSIBO PAKUOT\u0116S\u201c Our warehouse has a large and diverse range of corrugated brown or white cardboard boxes and sheets. If you cannot find the boxes you need, SIBO PAKUOT\u0116S will manufacture cardboard boxes according to your size and model. We offer competitive prices and prompt production. Packaging boxes and corrugated cardboard &#8211; production according [&hellip;]<\/p>\n","protected":false},"author":1,"featured_media":3062,"parent":0,"menu_order":0,"comment_status":"closed","ping_status":"closed","template":"","meta":{"footnotes":""},"class_list":["post-3360","page","type-page","status-publish","has-post-thumbnail","hentry"],"yoast_head":"<!-- This site is optimized with the Yoast SEO plugin v25.1 - https:\/\/yoast.com\/wordpress\/plugins\/seo\/ -->\n<title>Contacts - Sibo pakuot\u0117s<\/title>\n<meta name=\"robots\" content=\"index, follow, max-snippet:-1, max-image-preview:large, max-video-preview:-1\" \/>\n<link rel=\"canonical\" href=\"https:\/\/www.sibo-pakuotes.lt\/en\/contacts\/\" \/>\n<meta property=\"og:locale\" content=\"en_US\" \/>\n<meta property=\"og:type\" content=\"article\" \/>\n<meta property=\"og:title\" content=\"Contacts - Sibo pakuot\u0117s\" \/>\n<meta property=\"og:description\" content=\"JSC \u201eSIBO PAKUOT\u0116S\u201c Our warehouse has a large and diverse range of corrugated brown or white cardboard boxes and sheets. If you cannot find the boxes you need, SIBO PAKUOT\u0116S will manufacture cardboard boxes according to your size and model. We offer competitive prices and prompt production. Packaging boxes and corrugated cardboard &#8211; production according [&hellip;]\" \/>\n<meta property=\"og:url\" content=\"https:\/\/www.sibo-pakuotes.lt\/en\/contacts\/\" \/>\n<meta property=\"og:site_name\" content=\"Sibo pakuot\u0117s\" \/>\n<meta property=\"article:modified_time\" content=\"2025-05-15T10:40:36+00:00\" \/>\n<meta property=\"og:image\" content=\"https:\/\/www.sibo-pakuotes.lt\/wp-content\/uploads\/2017\/07\/zemelapis.gif\" \/>\n\t<meta property=\"og:image:width\" content=\"140\" \/>\n\t<meta property=\"og:image:height\" content=\"111\" \/>\n\t<meta property=\"og:image:type\" content=\"image\/gif\" \/>\n<meta name=\"twitter:card\" content=\"summary_large_image\" \/>\n<meta name=\"twitter:label1\" content=\"Est. reading time\" \/>\n\t<meta name=\"twitter:data1\" content=\"1 minute\" \/>\n<script type=\"application\/ld+json\" class=\"yoast-schema-graph\">{\"@context\":\"https:\/\/schema.org\",\"@graph\":[{\"@type\":\"WebPage\",\"@id\":\"https:\/\/www.sibo-pakuotes.lt\/en\/contacts\/\",\"url\":\"https:\/\/www.sibo-pakuotes.lt\/en\/contacts\/\",\"name\":\"Contacts - Sibo pakuot\u0117s\",\"isPartOf\":{\"@id\":\"https:\/\/www.sibo-pakuotes.lt\/en\/#website\"},\"primaryImageOfPage\":{\"@id\":\"https:\/\/www.sibo-pakuotes.lt\/en\/contacts\/#primaryimage\"},\"image\":{\"@id\":\"https:\/\/www.sibo-pakuotes.lt\/en\/contacts\/#primaryimage\"},\"thumbnailUrl\":\"https:\/\/www.sibo-pakuotes.lt\/wp-content\/uploads\/2017\/07\/zemelapis.gif\",\"datePublished\":\"2017-07-29T17:24:22+00:00\",\"dateModified\":\"2025-05-15T10:40:36+00:00\",\"breadcrumb\":{\"@id\":\"https:\/\/www.sibo-pakuotes.lt\/en\/contacts\/#breadcrumb\"},\"inLanguage\":\"en-US\",\"potentialAction\":[{\"@type\":\"ReadAction\",\"target\":[\"https:\/\/www.sibo-pakuotes.lt\/en\/contacts\/\"]}]},{\"@type\":\"ImageObject\",\"inLanguage\":\"en-US\",\"@id\":\"https:\/\/www.sibo-pakuotes.lt\/en\/contacts\/#primaryimage\",\"url\":\"https:\/\/www.sibo-pakuotes.lt\/wp-content\/uploads\/2017\/07\/zemelapis.gif\",\"contentUrl\":\"https:\/\/www.sibo-pakuotes.lt\/wp-content\/uploads\/2017\/07\/zemelapis.gif\",\"width\":140,\"height\":111},{\"@type\":\"BreadcrumbList\",\"@id\":\"https:\/\/www.sibo-pakuotes.lt\/en\/contacts\/#breadcrumb\",\"itemListElement\":[{\"@type\":\"ListItem\",\"position\":1,\"name\":\"Home\",\"item\":\"https:\/\/www.sibo-pakuotes.lt\/en\/\"},{\"@type\":\"ListItem\",\"position\":2,\"name\":\"Contacts\"}]},{\"@type\":\"WebSite\",\"@id\":\"https:\/\/www.sibo-pakuotes.lt\/en\/#website\",\"url\":\"https:\/\/www.sibo-pakuotes.lt\/en\/\",\"name\":\"Sibo pakuot\u0117s\",\"description\":\"Kartonini\u0173 d\u0117\u017ei\u0173 gamyba\",\"publisher\":{\"@id\":\"https:\/\/www.sibo-pakuotes.lt\/en\/#organization\"},\"potentialAction\":[{\"@type\":\"SearchAction\",\"target\":{\"@type\":\"EntryPoint\",\"urlTemplate\":\"https:\/\/www.sibo-pakuotes.lt\/en\/?s={search_term_string}\"},\"query-input\":{\"@type\":\"PropertyValueSpecification\",\"valueRequired\":true,\"valueName\":\"search_term_string\"}}],\"inLanguage\":\"en-US\"},{\"@type\":\"Organization\",\"@id\":\"https:\/\/www.sibo-pakuotes.lt\/en\/#organization\",\"name\":\"Sibo pakuot\u0117s\",\"url\":\"https:\/\/www.sibo-pakuotes.lt\/en\/\",\"logo\":{\"@type\":\"ImageObject\",\"inLanguage\":\"en-US\",\"@id\":\"https:\/\/www.sibo-pakuotes.lt\/en\/#\/schema\/logo\/image\/\",\"url\":\"https:\/\/www.sibo-pakuotes.lt\/wp-content\/uploads\/2017\/09\/cropped-SIBO-liet-logo.gif\",\"contentUrl\":\"https:\/\/www.sibo-pakuotes.lt\/wp-content\/uploads\/2017\/09\/cropped-SIBO-liet-logo.gif\",\"width\":248,\"height\":248,\"caption\":\"Sibo pakuot\u0117s\"},\"image\":{\"@id\":\"https:\/\/www.sibo-pakuotes.lt\/en\/#\/schema\/logo\/image\/\"}}]}<\/script>\n<!-- \/ Yoast SEO plugin. -->","yoast_head_json":{"title":"Contacts - Sibo pakuot\u0117s","robots":{"index":"index","follow":"follow","max-snippet":"max-snippet:-1","max-image-preview":"max-image-preview:large","max-video-preview":"max-video-preview:-1"},"canonical":"https:\/\/www.sibo-pakuotes.lt\/en\/contacts\/","og_locale":"en_US","og_type":"article","og_title":"Contacts - Sibo pakuot\u0117s","og_description":"JSC \u201eSIBO PAKUOT\u0116S\u201c Our warehouse has a large and diverse range of corrugated brown or white cardboard boxes and sheets. If you cannot find the boxes you need, SIBO PAKUOT\u0116S will manufacture cardboard boxes according to your size and model. We offer competitive prices and prompt production. Packaging boxes and corrugated cardboard &#8211; production according [&hellip;]","og_url":"https:\/\/www.sibo-pakuotes.lt\/en\/contacts\/","og_site_name":"Sibo pakuot\u0117s","article_modified_time":"2025-05-15T10:40:36+00:00","og_image":[{"width":140,"height":111,"url":"https:\/\/www.sibo-pakuotes.lt\/wp-content\/uploads\/2017\/07\/zemelapis.gif","type":"image\/gif"}],"twitter_card":"summary_large_image","twitter_misc":{"Est. reading time":"1 minute"},"schema":{"@context":"https:\/\/schema.org","@graph":[{"@type":"WebPage","@id":"https:\/\/www.sibo-pakuotes.lt\/en\/contacts\/","url":"https:\/\/www.sibo-pakuotes.lt\/en\/contacts\/","name":"Contacts - Sibo pakuot\u0117s","isPartOf":{"@id":"https:\/\/www.sibo-pakuotes.lt\/en\/#website"},"primaryImageOfPage":{"@id":"https:\/\/www.sibo-pakuotes.lt\/en\/contacts\/#primaryimage"},"image":{"@id":"https:\/\/www.sibo-pakuotes.lt\/en\/contacts\/#primaryimage"},"thumbnailUrl":"https:\/\/www.sibo-pakuotes.lt\/wp-content\/uploads\/2017\/07\/zemelapis.gif","datePublished":"2017-07-29T17:24:22+00:00","dateModified":"2025-05-15T10:40:36+00:00","breadcrumb":{"@id":"https:\/\/www.sibo-pakuotes.lt\/en\/contacts\/#breadcrumb"},"inLanguage":"en-US","potentialAction":[{"@type":"ReadAction","target":["https:\/\/www.sibo-pakuotes.lt\/en\/contacts\/"]}]},{"@type":"ImageObject","inLanguage":"en-US","@id":"https:\/\/www.sibo-pakuotes.lt\/en\/contacts\/#primaryimage","url":"https:\/\/www.sibo-pakuotes.lt\/wp-content\/uploads\/2017\/07\/zemelapis.gif","contentUrl":"https:\/\/www.sibo-pakuotes.lt\/wp-content\/uploads\/2017\/07\/zemelapis.gif","width":140,"height":111},{"@type":"BreadcrumbList","@id":"https:\/\/www.sibo-pakuotes.lt\/en\/contacts\/#breadcrumb","itemListElement":[{"@type":"ListItem","position":1,"name":"Home","item":"https:\/\/www.sibo-pakuotes.lt\/en\/"},{"@type":"ListItem","position":2,"name":"Contacts"}]},{"@type":"WebSite","@id":"https:\/\/www.sibo-pakuotes.lt\/en\/#website","url":"https:\/\/www.sibo-pakuotes.lt\/en\/","name":"Sibo pakuot\u0117s","description":"Kartonini\u0173 d\u0117\u017ei\u0173 gamyba","publisher":{"@id":"https:\/\/www.sibo-pakuotes.lt\/en\/#organization"},"potentialAction":[{"@type":"SearchAction","target":{"@type":"EntryPoint","urlTemplate":"https:\/\/www.sibo-pakuotes.lt\/en\/?s={search_term_string}"},"query-input":{"@type":"PropertyValueSpecification","valueRequired":true,"valueName":"search_term_string"}}],"inLanguage":"en-US"},{"@type":"Organization","@id":"https:\/\/www.sibo-pakuotes.lt\/en\/#organization","name":"Sibo pakuot\u0117s","url":"https:\/\/www.sibo-pakuotes.lt\/en\/","logo":{"@type":"ImageObject","inLanguage":"en-US","@id":"https:\/\/www.sibo-pakuotes.lt\/en\/#\/schema\/logo\/image\/","url":"https:\/\/www.sibo-pakuotes.lt\/wp-content\/uploads\/2017\/09\/cropped-SIBO-liet-logo.gif","contentUrl":"https:\/\/www.sibo-pakuotes.lt\/wp-content\/uploads\/2017\/09\/cropped-SIBO-liet-logo.gif","width":248,"height":248,"caption":"Sibo pakuot\u0117s"},"image":{"@id":"https:\/\/www.sibo-pakuotes.lt\/en\/#\/schema\/logo\/image\/"}}]}},"_links":{"self":[{"href":"https:\/\/www.sibo-pakuotes.lt\/en\/wp-json\/wp\/v2\/pages\/3360","targetHints":{"allow":["GET"]}}],"collection":[{"href":"https:\/\/www.sibo-pakuotes.lt\/en\/wp-json\/wp\/v2\/pages"}],"about":[{"href":"https:\/\/www.sibo-pakuotes.lt\/en\/wp-json\/wp\/v2\/types\/page"}],"author":[{"embeddable":true,"href":"https:\/\/www.sibo-pakuotes.lt\/en\/wp-json\/wp\/v2\/users\/1"}],"replies":[{"embeddable":true,"href":"https:\/\/www.sibo-pakuotes.lt\/en\/wp-json\/wp\/v2\/comments?post=3360"}],"version-history":[{"count":1,"href":"https:\/\/www.sibo-pakuotes.lt\/en\/wp-json\/wp\/v2\/pages\/3360\/revisions"}],"predecessor-version":[{"id":3361,"href":"https:\/\/www.sibo-pakuotes.lt\/en\/wp-json\/wp\/v2\/pages\/3360\/revisions\/3361"}],"wp:featuredmedia":[{"embeddable":true,"href":"https:\/\/www.sibo-pakuotes.lt\/en\/wp-json\/wp\/v2\/media\/3062"}],"wp:attachment":[{"href":"https:\/\/www.sibo-pakuotes.lt\/en\/wp-json\/wp\/v2\/media?parent=3360"}],"curies":[{"name":"wp","href":"https:\/\/api.w.org\/{rel}","templated":true}]}}