{"id":3342,"date":"2017-07-29T20:26:13","date_gmt":"2017-07-29T17:26:13","guid":{"rendered":"https:\/\/www.sibo-pakuotes.lt\/about-us\/"},"modified":"2025-06-03T10:12:13","modified_gmt":"2025-06-03T07:12:13","slug":"about-us","status":"publish","type":"page","link":"https:\/\/www.sibo-pakuotes.lt\/en\/about-us\/","title":{"rendered":"About us"},"content":{"rendered":"<p><strong>We sincerely welcome You to the \u201cSIBO PAKUOT\u0116S\u201d page.<\/strong><\/p><p><strong>JSC \u201cSIBO PAKUOT\u0116S\u201d <\/strong>have been manufacturing corrugated cardboard <strong>boxes<\/strong>, <strong>sheets<\/strong> and supplying <strong>packaging products <\/strong>since 2007.<\/p><p><strong>\u201cSIBO PAKUOT\u0116S\u201d<\/strong> means:<\/p><ul class=\"wp-block-list\"><li>Professional and high-quality execution of your orders;<\/li>\n\n<li>Fast execution of orders from 1 to 5 business days;<\/li>\n\n<li>Packaging boxes, cardboard, packaging goods;<\/li>\n\n<li>Production of large and small cartons;<\/li>\n\n<li>Urgent orders;<\/li>\n\n<li>No minimum quantities;<\/li>\n\n<li>Non-standard production.<\/li>\n\n<li>Professional and high-quality execution of your orders;<\/li><\/ul><p><strong>We accept orders:<\/strong><\/p><ol class=\"wp-block-list\"><li>Email: <a href=\"mailto:dariusd@sibo-pakuotes.lt\">dariusd@sibo-pakuotes.lt <\/a><a href=\"mailto:bozena@sibo-pakuotes.lt\"> bozena@sibo-pakuotes.lt<\/a>  <\/li>\n\n<li>Mobile: <a href=\"tel:+370%C2%A0685%2049002\">+37068549002 Darius <\/a> <a href=\"tel:+37067031069\">+37067031069 Bo\u017eena<\/a><\/li><\/ol><p><\/p>","protected":false},"excerpt":{"rendered":"<p>We sincerely welcome You to the \u201cSIBO PAKUOT\u0116S\u201d page. JSC \u201cSIBO PAKUOT\u0116S\u201d have been manufacturing corrugated cardboard boxes, sheets and supplying packaging products since 2007. \u201cSIBO PAKUOT\u0116S\u201d means: We accept orders:<\/p>\n","protected":false},"author":1,"featured_media":0,"parent":0,"menu_order":0,"comment_status":"closed","ping_status":"closed","template":"","meta":{"footnotes":""},"class_list":["post-3342","page","type-page","status-publish","hentry"],"yoast_head":"<!-- This site is optimized with the Yoast SEO plugin v25.1 - https:\/\/yoast.com\/wordpress\/plugins\/seo\/ -->\n<title>About us - Sibo pakuot\u0117s<\/title>\n<meta name=\"robots\" content=\"index, follow, max-snippet:-1, max-image-preview:large, max-video-preview:-1\" \/>\n<link rel=\"canonical\" href=\"https:\/\/www.sibo-pakuotes.lt\/en\/about-us\/\" \/>\n<meta property=\"og:locale\" content=\"en_US\" \/>\n<meta property=\"og:type\" content=\"article\" \/>\n<meta property=\"og:title\" content=\"About us - Sibo pakuot\u0117s\" \/>\n<meta property=\"og:description\" content=\"We sincerely welcome You to the \u201cSIBO PAKUOT\u0116S\u201d page. JSC \u201cSIBO PAKUOT\u0116S\u201d have been manufacturing corrugated cardboard boxes, sheets and supplying packaging products since 2007. \u201cSIBO PAKUOT\u0116S\u201d means: We accept orders:\" \/>\n<meta property=\"og:url\" content=\"https:\/\/www.sibo-pakuotes.lt\/en\/about-us\/\" \/>\n<meta property=\"og:site_name\" content=\"Sibo pakuot\u0117s\" \/>\n<meta property=\"article:modified_time\" content=\"2025-06-03T07:12:13+00:00\" \/>\n<meta name=\"twitter:card\" content=\"summary_large_image\" \/>\n<script type=\"application\/ld+json\" class=\"yoast-schema-graph\">{\"@context\":\"https:\/\/schema.org\",\"@graph\":[{\"@type\":\"WebPage\",\"@id\":\"https:\/\/www.sibo-pakuotes.lt\/en\/about-us\/\",\"url\":\"https:\/\/www.sibo-pakuotes.lt\/en\/about-us\/\",\"name\":\"About us - Sibo pakuot\u0117s\",\"isPartOf\":{\"@id\":\"https:\/\/www.sibo-pakuotes.lt\/en\/#website\"},\"datePublished\":\"2017-07-29T17:26:13+00:00\",\"dateModified\":\"2025-06-03T07:12:13+00:00\",\"breadcrumb\":{\"@id\":\"https:\/\/www.sibo-pakuotes.lt\/en\/about-us\/#breadcrumb\"},\"inLanguage\":\"en-US\",\"potentialAction\":[{\"@type\":\"ReadAction\",\"target\":[\"https:\/\/www.sibo-pakuotes.lt\/en\/about-us\/\"]}]},{\"@type\":\"BreadcrumbList\",\"@id\":\"https:\/\/www.sibo-pakuotes.lt\/en\/about-us\/#breadcrumb\",\"itemListElement\":[{\"@type\":\"ListItem\",\"position\":1,\"name\":\"Home\",\"item\":\"https:\/\/www.sibo-pakuotes.lt\/en\/\"},{\"@type\":\"ListItem\",\"position\":2,\"name\":\"About us\"}]},{\"@type\":\"WebSite\",\"@id\":\"https:\/\/www.sibo-pakuotes.lt\/en\/#website\",\"url\":\"https:\/\/www.sibo-pakuotes.lt\/en\/\",\"name\":\"Sibo pakuot\u0117s\",\"description\":\"Kartonini\u0173 d\u0117\u017ei\u0173 gamyba\",\"publisher\":{\"@id\":\"https:\/\/www.sibo-pakuotes.lt\/en\/#organization\"},\"potentialAction\":[{\"@type\":\"SearchAction\",\"target\":{\"@type\":\"EntryPoint\",\"urlTemplate\":\"https:\/\/www.sibo-pakuotes.lt\/en\/?s={search_term_string}\"},\"query-input\":{\"@type\":\"PropertyValueSpecification\",\"valueRequired\":true,\"valueName\":\"search_term_string\"}}],\"inLanguage\":\"en-US\"},{\"@type\":\"Organization\",\"@id\":\"https:\/\/www.sibo-pakuotes.lt\/en\/#organization\",\"name\":\"Sibo pakuot\u0117s\",\"url\":\"https:\/\/www.sibo-pakuotes.lt\/en\/\",\"logo\":{\"@type\":\"ImageObject\",\"inLanguage\":\"en-US\",\"@id\":\"https:\/\/www.sibo-pakuotes.lt\/en\/#\/schema\/logo\/image\/\",\"url\":\"https:\/\/www.sibo-pakuotes.lt\/wp-content\/uploads\/2017\/09\/cropped-SIBO-liet-logo.gif\",\"contentUrl\":\"https:\/\/www.sibo-pakuotes.lt\/wp-content\/uploads\/2017\/09\/cropped-SIBO-liet-logo.gif\",\"width\":248,\"height\":248,\"caption\":\"Sibo pakuot\u0117s\"},\"image\":{\"@id\":\"https:\/\/www.sibo-pakuotes.lt\/en\/#\/schema\/logo\/image\/\"}}]}<\/script>\n<!-- \/ Yoast SEO plugin. -->","yoast_head_json":{"title":"About us - Sibo pakuot\u0117s","robots":{"index":"index","follow":"follow","max-snippet":"max-snippet:-1","max-image-preview":"max-image-preview:large","max-video-preview":"max-video-preview:-1"},"canonical":"https:\/\/www.sibo-pakuotes.lt\/en\/about-us\/","og_locale":"en_US","og_type":"article","og_title":"About us - Sibo pakuot\u0117s","og_description":"We sincerely welcome You to the \u201cSIBO PAKUOT\u0116S\u201d page. JSC \u201cSIBO PAKUOT\u0116S\u201d have been manufacturing corrugated cardboard boxes, sheets and supplying packaging products since 2007. \u201cSIBO PAKUOT\u0116S\u201d means: We accept orders:","og_url":"https:\/\/www.sibo-pakuotes.lt\/en\/about-us\/","og_site_name":"Sibo pakuot\u0117s","article_modified_time":"2025-06-03T07:12:13+00:00","twitter_card":"summary_large_image","schema":{"@context":"https:\/\/schema.org","@graph":[{"@type":"WebPage","@id":"https:\/\/www.sibo-pakuotes.lt\/en\/about-us\/","url":"https:\/\/www.sibo-pakuotes.lt\/en\/about-us\/","name":"About us - Sibo pakuot\u0117s","isPartOf":{"@id":"https:\/\/www.sibo-pakuotes.lt\/en\/#website"},"datePublished":"2017-07-29T17:26:13+00:00","dateModified":"2025-06-03T07:12:13+00:00","breadcrumb":{"@id":"https:\/\/www.sibo-pakuotes.lt\/en\/about-us\/#breadcrumb"},"inLanguage":"en-US","potentialAction":[{"@type":"ReadAction","target":["https:\/\/www.sibo-pakuotes.lt\/en\/about-us\/"]}]},{"@type":"BreadcrumbList","@id":"https:\/\/www.sibo-pakuotes.lt\/en\/about-us\/#breadcrumb","itemListElement":[{"@type":"ListItem","position":1,"name":"Home","item":"https:\/\/www.sibo-pakuotes.lt\/en\/"},{"@type":"ListItem","position":2,"name":"About us"}]},{"@type":"WebSite","@id":"https:\/\/www.sibo-pakuotes.lt\/en\/#website","url":"https:\/\/www.sibo-pakuotes.lt\/en\/","name":"Sibo pakuot\u0117s","description":"Kartonini\u0173 d\u0117\u017ei\u0173 gamyba","publisher":{"@id":"https:\/\/www.sibo-pakuotes.lt\/en\/#organization"},"potentialAction":[{"@type":"SearchAction","target":{"@type":"EntryPoint","urlTemplate":"https:\/\/www.sibo-pakuotes.lt\/en\/?s={search_term_string}"},"query-input":{"@type":"PropertyValueSpecification","valueRequired":true,"valueName":"search_term_string"}}],"inLanguage":"en-US"},{"@type":"Organization","@id":"https:\/\/www.sibo-pakuotes.lt\/en\/#organization","name":"Sibo pakuot\u0117s","url":"https:\/\/www.sibo-pakuotes.lt\/en\/","logo":{"@type":"ImageObject","inLanguage":"en-US","@id":"https:\/\/www.sibo-pakuotes.lt\/en\/#\/schema\/logo\/image\/","url":"https:\/\/www.sibo-pakuotes.lt\/wp-content\/uploads\/2017\/09\/cropped-SIBO-liet-logo.gif","contentUrl":"https:\/\/www.sibo-pakuotes.lt\/wp-content\/uploads\/2017\/09\/cropped-SIBO-liet-logo.gif","width":248,"height":248,"caption":"Sibo pakuot\u0117s"},"image":{"@id":"https:\/\/www.sibo-pakuotes.lt\/en\/#\/schema\/logo\/image\/"}}]}},"_links":{"self":[{"href":"https:\/\/www.sibo-pakuotes.lt\/en\/wp-json\/wp\/v2\/pages\/3342","targetHints":{"allow":["GET"]}}],"collection":[{"href":"https:\/\/www.sibo-pakuotes.lt\/en\/wp-json\/wp\/v2\/pages"}],"about":[{"href":"https:\/\/www.sibo-pakuotes.lt\/en\/wp-json\/wp\/v2\/types\/page"}],"author":[{"embeddable":true,"href":"https:\/\/www.sibo-pakuotes.lt\/en\/wp-json\/wp\/v2\/users\/1"}],"replies":[{"embeddable":true,"href":"https:\/\/www.sibo-pakuotes.lt\/en\/wp-json\/wp\/v2\/comments?post=3342"}],"version-history":[{"count":5,"href":"https:\/\/www.sibo-pakuotes.lt\/en\/wp-json\/wp\/v2\/pages\/3342\/revisions"}],"predecessor-version":[{"id":4068,"href":"https:\/\/www.sibo-pakuotes.lt\/en\/wp-json\/wp\/v2\/pages\/3342\/revisions\/4068"}],"wp:attachment":[{"href":"https:\/\/www.sibo-pakuotes.lt\/en\/wp-json\/wp\/v2\/media?parent=3342"}],"curies":[{"name":"wp","href":"https:\/\/api.w.org\/{rel}","templated":true}]}}